{"id":27278,"date":"2025-11-24T16:28:34","date_gmt":"2025-11-24T15:28:34","guid":{"rendered":"https:\/\/stampcurio.com\/product\/1883-ausztria-postakonyvek-postbuchel-benson-fur-niederosterreich-nr-1-2-3-3-fuzet-levelposta-dijjegyesek-es-a-becsi-korzetek-temara-bontva\/"},"modified":"2026-01-05T15:12:18","modified_gmt":"2026-01-05T14:12:18","slug":"1882-ausztria-postakonyvek-postbuchel-benson-fur-niederosterreich-nr-1-3-fuzetek-levelposta-dijjegyesek-es-a-becsi-korzetek-temakra-bontva","status":"publish","type":"product","link":"https:\/\/stampcurio.com\/hu\/termek\/1882-ausztria-postakonyvek-postbuchel-benson-fur-niederosterreich-nr-1-3-fuzetek-levelposta-dijjegyesek-es-a-becsi-korzetek-temakra-bontva\/","title":{"rendered":"1882 Ausztria &#8211; Postak\u00f6nyvek \/ Postb\u00fcchel Benson f\u00fcr Nieder\u00f6sterreich \u2013 Nr. 1-3 f\u00fczetek \u2013 lev\u00e9lposta, d\u00edjjegyesek \u00e9s a b\u00e9csi k\u00f6rzetek t\u00e9m\u00e1kra bontva"},"content":{"rendered":"","protected":false},"excerpt":{"rendered":"","protected":false},"featured_media":35993,"template":"","meta":[],"product_brand":[],"product_cat":[1178],"product_tag":[1669,1721,89,1006],"class_list":{"0":"post-27278","1":"product","2":"type-product","3":"status-publish","4":"has-post-thumbnail","6":"product_cat-ausztria","7":"product_tag-3rd-auction","8":"product_tag-postakonyv","9":"product_tag-postatortenet","10":"product_tag-unsold","12":"first","13":"instock","14":"sold-individually","15":"shipping-taxable","16":"purchasable","17":"product-type-simple"},"_links":{"self":[{"href":"https:\/\/stampcurio.com\/hu\/wp-json\/wp\/v2\/product\/27278","targetHints":{"allow":["GET"]}}],"collection":[{"href":"https:\/\/stampcurio.com\/hu\/wp-json\/wp\/v2\/product"}],"about":[{"href":"https:\/\/stampcurio.com\/hu\/wp-json\/wp\/v2\/types\/product"}],"wp:featuredmedia":[{"embeddable":true,"href":"https:\/\/stampcurio.com\/hu\/wp-json\/wp\/v2\/media\/35993"}],"wp:attachment":[{"href":"https:\/\/stampcurio.com\/hu\/wp-json\/wp\/v2\/media?parent=27278"}],"wp:term":[{"taxonomy":"product_brand","embeddable":true,"href":"https:\/\/stampcurio.com\/hu\/wp-json\/wp\/v2\/product_brand?post=27278"},{"taxonomy":"product_cat","embeddable":true,"href":"https:\/\/stampcurio.com\/hu\/wp-json\/wp\/v2\/product_cat?post=27278"},{"taxonomy":"product_tag","embeddable":true,"href":"https:\/\/stampcurio.com\/hu\/wp-json\/wp\/v2\/product_tag?post=27278"}],"curies":[{"name":"wp","href":"https:\/\/api.w.org\/{rel}","templated":true}]}}