{"id":27277,"date":"2025-11-24T16:28:34","date_gmt":"2025-11-24T15:28:34","guid":{"rendered":"https:\/\/stampcurio.com\/product\/1883-86-ausztria-postakonyvek-postbuchel-benson-fur-niederosterreich-8-fuzet\/"},"modified":"2026-01-05T15:12:18","modified_gmt":"2026-01-05T14:12:18","slug":"1883-86-ausztria-postakonyvek-postbuchel-fur-niederosterreich-kiado-benson-8-fuzet","status":"publish","type":"product","link":"https:\/\/stampcurio.com\/hu\/termek\/1883-86-ausztria-postakonyvek-postbuchel-fur-niederosterreich-kiado-benson-8-fuzet\/","title":{"rendered":"1883-86 Ausztria &#8211; Postak\u00f6nyvek \/ Postb\u00fcchel f\u00fcr Nieder\u00f6sterreich &#8211; kiad\u00f3: Benson \u2013 8 f\u00fczet"},"content":{"rendered":"","protected":false},"excerpt":{"rendered":"","protected":false},"featured_media":28653,"template":"","meta":[],"product_brand":[],"product_cat":[1178],"product_tag":[1669,1721,89,1006],"class_list":{"0":"post-27277","1":"product","2":"type-product","3":"status-publish","4":"has-post-thumbnail","6":"product_cat-ausztria","7":"product_tag-3rd-auction","8":"product_tag-postakonyv","9":"product_tag-postatortenet","10":"product_tag-unsold","12":"first","13":"instock","14":"sold-individually","15":"shipping-taxable","16":"purchasable","17":"product-type-simple"},"_links":{"self":[{"href":"https:\/\/stampcurio.com\/hu\/wp-json\/wp\/v2\/product\/27277","targetHints":{"allow":["GET"]}}],"collection":[{"href":"https:\/\/stampcurio.com\/hu\/wp-json\/wp\/v2\/product"}],"about":[{"href":"https:\/\/stampcurio.com\/hu\/wp-json\/wp\/v2\/types\/product"}],"wp:featuredmedia":[{"embeddable":true,"href":"https:\/\/stampcurio.com\/hu\/wp-json\/wp\/v2\/media\/28653"}],"wp:attachment":[{"href":"https:\/\/stampcurio.com\/hu\/wp-json\/wp\/v2\/media?parent=27277"}],"wp:term":[{"taxonomy":"product_brand","embeddable":true,"href":"https:\/\/stampcurio.com\/hu\/wp-json\/wp\/v2\/product_brand?post=27277"},{"taxonomy":"product_cat","embeddable":true,"href":"https:\/\/stampcurio.com\/hu\/wp-json\/wp\/v2\/product_cat?post=27277"},{"taxonomy":"product_tag","embeddable":true,"href":"https:\/\/stampcurio.com\/hu\/wp-json\/wp\/v2\/product_tag?post=27277"}],"curies":[{"name":"wp","href":"https:\/\/api.w.org\/{rel}","templated":true}]}}