{"id":27276,"date":"2025-11-24T16:28:34","date_gmt":"2025-11-24T15:28:34","guid":{"rendered":"https:\/\/stampcurio.com\/product\/1887-89-ausztria-postakonyvek-postbuchel-benson-fur-niederosterreich-13-fuzet\/"},"modified":"2026-01-05T15:12:18","modified_gmt":"2026-01-05T14:12:18","slug":"1887-89-ausztria-postakonyv-postbuchel-fur-niederosterreich-kiado-benson-13-fuzet","status":"publish","type":"product","link":"https:\/\/stampcurio.com\/hu\/termek\/1887-89-ausztria-postakonyv-postbuchel-fur-niederosterreich-kiado-benson-13-fuzet\/","title":{"rendered":"1887-89 Ausztria &#8211; Postak\u00f6nyv \/ Postb\u00fcchel f\u00fcr Nieder\u00f6sterreich kiad\u00f3: Benson \u2013 13 f\u00fczet"},"content":{"rendered":"","protected":false},"excerpt":{"rendered":"","protected":false},"featured_media":28723,"template":"","meta":[],"product_brand":[],"product_cat":[1178],"product_tag":[1669,1721,89,1006],"class_list":{"0":"post-27276","1":"product","2":"type-product","3":"status-publish","4":"has-post-thumbnail","6":"product_cat-ausztria","7":"product_tag-3rd-auction","8":"product_tag-postakonyv","9":"product_tag-postatortenet","10":"product_tag-unsold","12":"first","13":"instock","14":"sold-individually","15":"shipping-taxable","16":"purchasable","17":"product-type-simple"},"_links":{"self":[{"href":"https:\/\/stampcurio.com\/hu\/wp-json\/wp\/v2\/product\/27276","targetHints":{"allow":["GET"]}}],"collection":[{"href":"https:\/\/stampcurio.com\/hu\/wp-json\/wp\/v2\/product"}],"about":[{"href":"https:\/\/stampcurio.com\/hu\/wp-json\/wp\/v2\/types\/product"}],"wp:featuredmedia":[{"embeddable":true,"href":"https:\/\/stampcurio.com\/hu\/wp-json\/wp\/v2\/media\/28723"}],"wp:attachment":[{"href":"https:\/\/stampcurio.com\/hu\/wp-json\/wp\/v2\/media?parent=27276"}],"wp:term":[{"taxonomy":"product_brand","embeddable":true,"href":"https:\/\/stampcurio.com\/hu\/wp-json\/wp\/v2\/product_brand?post=27276"},{"taxonomy":"product_cat","embeddable":true,"href":"https:\/\/stampcurio.com\/hu\/wp-json\/wp\/v2\/product_cat?post=27276"},{"taxonomy":"product_tag","embeddable":true,"href":"https:\/\/stampcurio.com\/hu\/wp-json\/wp\/v2\/product_tag?post=27276"}],"curies":[{"name":"wp","href":"https:\/\/api.w.org\/{rel}","templated":true}]}}