{"id":27273,"date":"2025-11-24T16:28:32","date_gmt":"2025-11-24T15:28:32","guid":{"rendered":"https:\/\/stampcurio.com\/product\/1895-97-ausztria-postakonyvek-postbuchel-benson-fur-niederosterreich-9-fuzet\/"},"modified":"2025-12-05T04:03:10","modified_gmt":"2025-12-05T03:03:10","slug":"1895-97-ausztria-postakonyvek-postbuchel-benson-fur-niederosterreich-9-fuzet","status":"publish","type":"product","link":"https:\/\/stampcurio.com\/hu\/termek\/1895-97-ausztria-postakonyvek-postbuchel-benson-fur-niederosterreich-9-fuzet\/","title":{"rendered":"1895-97 Ausztria &#8211; Postak\u00f6nyvek \/ Postb\u00fcchel &#8211; Benson f\u00fcr Nieder\u00f6sterreich \u2013 9 f\u00fczet"},"content":{"rendered":"","protected":false},"excerpt":{"rendered":"","protected":false},"featured_media":35989,"template":"","meta":[],"product_brand":[],"product_cat":[1178],"product_tag":[1669,1721,89],"class_list":{"0":"post-27273","1":"product","2":"type-product","3":"status-publish","4":"has-post-thumbnail","6":"product_cat-ausztria","7":"product_tag-3rd-auction","8":"product_tag-postakonyv","9":"product_tag-postatortenet","11":"first","12":"outofstock","13":"sold-individually","14":"shipping-taxable","15":"purchasable","16":"product-type-simple"},"_links":{"self":[{"href":"https:\/\/stampcurio.com\/hu\/wp-json\/wp\/v2\/product\/27273","targetHints":{"allow":["GET"]}}],"collection":[{"href":"https:\/\/stampcurio.com\/hu\/wp-json\/wp\/v2\/product"}],"about":[{"href":"https:\/\/stampcurio.com\/hu\/wp-json\/wp\/v2\/types\/product"}],"wp:featuredmedia":[{"embeddable":true,"href":"https:\/\/stampcurio.com\/hu\/wp-json\/wp\/v2\/media\/35989"}],"wp:attachment":[{"href":"https:\/\/stampcurio.com\/hu\/wp-json\/wp\/v2\/media?parent=27273"}],"wp:term":[{"taxonomy":"product_brand","embeddable":true,"href":"https:\/\/stampcurio.com\/hu\/wp-json\/wp\/v2\/product_brand?post=27273"},{"taxonomy":"product_cat","embeddable":true,"href":"https:\/\/stampcurio.com\/hu\/wp-json\/wp\/v2\/product_cat?post=27273"},{"taxonomy":"product_tag","embeddable":true,"href":"https:\/\/stampcurio.com\/hu\/wp-json\/wp\/v2\/product_tag?post=27273"}],"curies":[{"name":"wp","href":"https:\/\/api.w.org\/{rel}","templated":true}]}}