{"id":27271,"date":"2025-11-24T16:28:32","date_gmt":"2025-11-24T15:28:32","guid":{"rendered":"https:\/\/stampcurio.com\/product\/1946-magyarorszag-szombathely-varosi-illetekbelyeg-bizonyitvany-kiallitasi-dij-postatiszta-1-ft-1000-adopengo-1-pengo-60-filler-phu-100-eur-hodobay-77\/"},"modified":"2026-01-05T15:12:19","modified_gmt":"2026-01-05T14:12:19","slug":"1946-magyarorszag-szombathely-postatiszta-1-forint-varosi-felulnyomott-illetekbelyeg-az-alapbelyeg-az-1-pengo-60-filler-bizonyitvany-kiallitasi-belyeg-ez-az-alapbelyeg-felulnyomva-eddig-ismert","status":"publish","type":"product","link":"https:\/\/stampcurio.com\/hu\/termek\/1946-magyarorszag-szombathely-postatiszta-1-forint-varosi-felulnyomott-illetekbelyeg-az-alapbelyeg-az-1-pengo-60-filler-bizonyitvany-kiallitasi-belyeg-ez-az-alapbelyeg-felulnyomva-eddig-ismert\/","title":{"rendered":"1946 Magyarorsz\u00e1g &#8211; Szombathely postatiszta **  1 Forint v\u00e1rosi fel\u00fclnyomott illet\u00e9kb\u00e9lyeg, az alapb\u00e9lyeg az 1 Peng\u0151 60 fill\u00e9r bizony\u00edtv\u00e1ny ki\u00e1ll\u00edt\u00e1si b\u00e9lyeg. Ez az alapb\u00e9lyeg fel\u00fclnyomva eddig ismertelen volt! | Sz\u0171cs ismertelen | PHu ismeretlen"},"content":{"rendered":"","protected":false},"excerpt":{"rendered":"","protected":false},"featured_media":30660,"template":"","meta":[],"product_brand":[],"product_cat":[1172],"product_tag":[1669,282,176,1006],"class_list":{"0":"post-27271","1":"product","2":"type-product","3":"status-publish","4":"has-post-thumbnail","6":"product_cat-magyarorszag","7":"product_tag-3rd-auction","8":"product_tag-okmanybelyeg","9":"product_tag-philagem","10":"product_tag-unsold","12":"first","13":"instock","14":"sold-individually","15":"shipping-taxable","16":"purchasable","17":"product-type-simple"},"_links":{"self":[{"href":"https:\/\/stampcurio.com\/hu\/wp-json\/wp\/v2\/product\/27271","targetHints":{"allow":["GET"]}}],"collection":[{"href":"https:\/\/stampcurio.com\/hu\/wp-json\/wp\/v2\/product"}],"about":[{"href":"https:\/\/stampcurio.com\/hu\/wp-json\/wp\/v2\/types\/product"}],"wp:featuredmedia":[{"embeddable":true,"href":"https:\/\/stampcurio.com\/hu\/wp-json\/wp\/v2\/media\/30660"}],"wp:attachment":[{"href":"https:\/\/stampcurio.com\/hu\/wp-json\/wp\/v2\/media?parent=27271"}],"wp:term":[{"taxonomy":"product_brand","embeddable":true,"href":"https:\/\/stampcurio.com\/hu\/wp-json\/wp\/v2\/product_brand?post=27271"},{"taxonomy":"product_cat","embeddable":true,"href":"https:\/\/stampcurio.com\/hu\/wp-json\/wp\/v2\/product_cat?post=27271"},{"taxonomy":"product_tag","embeddable":true,"href":"https:\/\/stampcurio.com\/hu\/wp-json\/wp\/v2\/product_tag?post=27271"}],"curies":[{"name":"wp","href":"https:\/\/api.w.org\/{rel}","templated":true}]}}