{"id":27270,"date":"2025-11-24T16:28:31","date_gmt":"2025-11-24T15:28:31","guid":{"rendered":"https:\/\/stampcurio.com\/product\/1946-magyarorszag-szombathelyi-varosi-illetekbelyeg-bizonyitvany-kiallitasi-dij-postatiszta-negyestomb-2-ft-2000-adopengo-80-filler-5-korona-phu-100-eur-hodobay-77\/"},"modified":"2026-01-05T15:12:20","modified_gmt":"2026-01-05T14:12:20","slug":"1946-magyarorszag-szombathelyi-varosi-illetekbelyeg-felulnyomott-lakasugyi-illetekbelyegen-postatiszta-negyestomb-2-ft-80-filler-5-korona-a-kezi-felulnyomason-tobbfele-festekezesi","status":"publish","type":"product","link":"https:\/\/stampcurio.com\/hu\/termek\/1946-magyarorszag-szombathelyi-varosi-illetekbelyeg-felulnyomott-lakasugyi-illetekbelyegen-postatiszta-negyestomb-2-ft-80-filler-5-korona-a-kezi-felulnyomason-tobbfele-festekezesi\/","title":{"rendered":"1946 Magyarorsz\u00e1g &#8211; Szombathelyi v\u00e1rosi illet\u00e9kb\u00e9lyeg fel\u00fclnyomott lak\u00e1s\u00fcgyi illet\u00e9kb\u00e9lyegen postatiszta ** n\u00e9gyest\u00f6mb \u2013 2 Ft \/ 80 fill\u00e9r \/ 5 korona | A k\u00e9zi fel\u00fclnyom\u00e1son t\u00f6bbf\u00e9le fest\u00e9kez\u00e9si \u00e9s nyom\u00f3eszk\u00f6z hib\u00e1val. | Phu: no. 77 \/ 100 EUR"},"content":{"rendered":"","protected":false},"excerpt":{"rendered":"","protected":false},"featured_media":30646,"template":"","meta":[],"product_brand":[],"product_cat":[1172],"product_tag":[1669,116,282,217,1006],"class_list":{"0":"post-27270","1":"product","2":"type-product","3":"status-publish","4":"has-post-thumbnail","6":"product_cat-magyarorszag","7":"product_tag-3rd-auction","8":"product_tag-belyeg","9":"product_tag-okmanybelyeg","10":"product_tag-tevnyomat","11":"product_tag-unsold","13":"first","14":"instock","15":"sold-individually","16":"shipping-taxable","17":"purchasable","18":"product-type-simple"},"_links":{"self":[{"href":"https:\/\/stampcurio.com\/hu\/wp-json\/wp\/v2\/product\/27270","targetHints":{"allow":["GET"]}}],"collection":[{"href":"https:\/\/stampcurio.com\/hu\/wp-json\/wp\/v2\/product"}],"about":[{"href":"https:\/\/stampcurio.com\/hu\/wp-json\/wp\/v2\/types\/product"}],"wp:featuredmedia":[{"embeddable":true,"href":"https:\/\/stampcurio.com\/hu\/wp-json\/wp\/v2\/media\/30646"}],"wp:attachment":[{"href":"https:\/\/stampcurio.com\/hu\/wp-json\/wp\/v2\/media?parent=27270"}],"wp:term":[{"taxonomy":"product_brand","embeddable":true,"href":"https:\/\/stampcurio.com\/hu\/wp-json\/wp\/v2\/product_brand?post=27270"},{"taxonomy":"product_cat","embeddable":true,"href":"https:\/\/stampcurio.com\/hu\/wp-json\/wp\/v2\/product_cat?post=27270"},{"taxonomy":"product_tag","embeddable":true,"href":"https:\/\/stampcurio.com\/hu\/wp-json\/wp\/v2\/product_tag?post=27270"}],"curies":[{"name":"wp","href":"https:\/\/api.w.org\/{rel}","templated":true}]}}