{"id":27269,"date":"2025-11-24T16:28:31","date_gmt":"2025-11-24T15:28:31","guid":{"rendered":"https:\/\/stampcurio.com\/product\/1943-magyarorszag-repulo-alap-v-horthy-istvan-ritkan-lathato-korai-fdc\/"},"modified":"2025-12-05T04:03:11","modified_gmt":"2025-12-05T03:03:11","slug":"1943-magyarorszag-repulo-alap-v-horthy-istvan-ritkan-lathato-korai-fdc-svedorszagba-kuldott-ajanlott-levelezolapon","status":"publish","type":"product","link":"https:\/\/stampcurio.com\/hu\/termek\/1943-magyarorszag-repulo-alap-v-horthy-istvan-ritkan-lathato-korai-fdc-svedorszagba-kuldott-ajanlott-levelezolapon\/","title":{"rendered":"1943 Magyarorsz\u00e1g &#8211; Rep\u00fcl\u0151 alap V. \/ Horthy Istv\u00e1n ritk\u00e1n l\u00e1that\u00f3, korai FDC Sv\u00e9dorsz\u00e1gba k\u00fcld\u00f6tt aj\u00e1nlott levelez\u0151lapon"},"content":{"rendered":"","protected":false},"excerpt":{"rendered":"","protected":false},"featured_media":28721,"template":"","meta":[],"product_brand":[],"product_cat":[1172],"product_tag":[1669,116,1340,100,89],"class_list":{"0":"post-27269","1":"product","2":"type-product","3":"status-publish","4":"has-post-thumbnail","6":"product_cat-magyarorszag","7":"product_tag-3rd-auction","8":"product_tag-belyeg","9":"product_tag-belyegkereskedo","10":"product_tag-fdc","11":"product_tag-postatortenet","13":"first","14":"outofstock","15":"sold-individually","16":"shipping-taxable","17":"purchasable","18":"product-type-simple"},"_links":{"self":[{"href":"https:\/\/stampcurio.com\/hu\/wp-json\/wp\/v2\/product\/27269","targetHints":{"allow":["GET"]}}],"collection":[{"href":"https:\/\/stampcurio.com\/hu\/wp-json\/wp\/v2\/product"}],"about":[{"href":"https:\/\/stampcurio.com\/hu\/wp-json\/wp\/v2\/types\/product"}],"wp:featuredmedia":[{"embeddable":true,"href":"https:\/\/stampcurio.com\/hu\/wp-json\/wp\/v2\/media\/28721"}],"wp:attachment":[{"href":"https:\/\/stampcurio.com\/hu\/wp-json\/wp\/v2\/media?parent=27269"}],"wp:term":[{"taxonomy":"product_brand","embeddable":true,"href":"https:\/\/stampcurio.com\/hu\/wp-json\/wp\/v2\/product_brand?post=27269"},{"taxonomy":"product_cat","embeddable":true,"href":"https:\/\/stampcurio.com\/hu\/wp-json\/wp\/v2\/product_cat?post=27269"},{"taxonomy":"product_tag","embeddable":true,"href":"https:\/\/stampcurio.com\/hu\/wp-json\/wp\/v2\/product_tag?post=27269"}],"curies":[{"name":"wp","href":"https:\/\/api.w.org\/{rel}","templated":true}]}}