{"id":27267,"date":"2025-11-24T16:28:30","date_gmt":"2025-11-24T15:28:30","guid":{"rendered":"https:\/\/stampcurio.com\/product\/1964-magyarorszag-teke-eb-vagott-postatiszta-jobb-also-ivsarki-szelvennyel-mi-220-eur-az-ivszeles-belyeg-katalogus-ara\/"},"modified":"2026-01-05T15:12:20","modified_gmt":"2026-01-05T14:12:20","slug":"1964-magyarorszag-teke-eb-vagott-postatiszta-jobb-also-ivsarki-szelvennyel-mi-220-eur-az-ivszeles-belyeg-katalogus-ara","status":"publish","type":"product","link":"https:\/\/stampcurio.com\/hu\/termek\/1964-magyarorszag-teke-eb-vagott-postatiszta-jobb-also-ivsarki-szelvennyel-mi-220-eur-az-ivszeles-belyeg-katalogus-ara\/","title":{"rendered":"1964 Magyarorsz\u00e1g &#8211; Teke EB v\u00e1gott postatiszta ** jobb als\u00f3 \u00edvsarki (!) szelv\u00e9nnyel | Mi: 220++ EUR (az \u00edvsz\u00e9les b\u00e9lyeg katal\u00f3gus \u00e1ra)"},"content":{"rendered":"","protected":false},"excerpt":{"rendered":"<p>Csak 80 db \u00edvsarki b\u00e9lyeg k\u00e9sz\u00fclt.<\/p>\n","protected":false},"featured_media":30656,"template":"","meta":[],"product_brand":[],"product_cat":[1172],"product_tag":[1669,116,217,1006],"class_list":{"0":"post-27267","1":"product","2":"type-product","3":"status-publish","4":"has-post-thumbnail","6":"product_cat-magyarorszag","7":"product_tag-3rd-auction","8":"product_tag-belyeg","9":"product_tag-tevnyomat","10":"product_tag-unsold","12":"first","13":"instock","14":"sold-individually","15":"shipping-taxable","16":"purchasable","17":"product-type-simple"},"_links":{"self":[{"href":"https:\/\/stampcurio.com\/hu\/wp-json\/wp\/v2\/product\/27267","targetHints":{"allow":["GET"]}}],"collection":[{"href":"https:\/\/stampcurio.com\/hu\/wp-json\/wp\/v2\/product"}],"about":[{"href":"https:\/\/stampcurio.com\/hu\/wp-json\/wp\/v2\/types\/product"}],"wp:featuredmedia":[{"embeddable":true,"href":"https:\/\/stampcurio.com\/hu\/wp-json\/wp\/v2\/media\/30656"}],"wp:attachment":[{"href":"https:\/\/stampcurio.com\/hu\/wp-json\/wp\/v2\/media?parent=27267"}],"wp:term":[{"taxonomy":"product_brand","embeddable":true,"href":"https:\/\/stampcurio.com\/hu\/wp-json\/wp\/v2\/product_brand?post=27267"},{"taxonomy":"product_cat","embeddable":true,"href":"https:\/\/stampcurio.com\/hu\/wp-json\/wp\/v2\/product_cat?post=27267"},{"taxonomy":"product_tag","embeddable":true,"href":"https:\/\/stampcurio.com\/hu\/wp-json\/wp\/v2\/product_tag?post=27267"}],"curies":[{"name":"wp","href":"https:\/\/api.w.org\/{rel}","templated":true}]}}