{"id":27266,"date":"2025-11-24T16:28:30","date_gmt":"2025-11-24T15:28:30","guid":{"rendered":"https:\/\/stampcurio.com\/product\/1918-ausztria-k-u-k-feldpost-2-heller-6-centessimi-postatiszta-probanyomat-forditott-erteknyomattal-hatoldalon-gumier-ferchenbauer-250-eur\/"},"modified":"2026-01-05T15:12:20","modified_gmt":"2026-01-05T14:12:20","slug":"1918-ausztria-k-u-k-feldpost-2-heller-6-centessimi-postatiszta-probanyomat-forditott-felulnyomattal-hatoldalon-szingo-es-gumier-ferchenbauer-250-eur","status":"publish","type":"product","link":"https:\/\/stampcurio.com\/hu\/termek\/1918-ausztria-k-u-k-feldpost-2-heller-6-centessimi-postatiszta-probanyomat-forditott-felulnyomattal-hatoldalon-szingo-es-gumier-ferchenbauer-250-eur\/","title":{"rendered":"1918 Ausztria &#8211; K.u.K. Feldpost 2 Heller 6 Centessimi postatiszta * pr\u00f3banyomat ford\u00edtott fel\u00fclnyomattal, h\u00e1toldalon szing\u00f3 \u00e9s gumi\u00e9r | Ferchenbauer: 250 EUR"},"content":{"rendered":"","protected":false},"excerpt":{"rendered":"","protected":false},"featured_media":30704,"template":"","meta":[],"product_brand":[],"product_cat":[1178,1222,1172],"product_tag":[1669,116,390,208,217,1006],"class_list":{"0":"post-27266","1":"product","2":"type-product","3":"status-publish","4":"has-post-thumbnail","6":"product_cat-ausztria","7":"product_cat-bosznia-hercegovina","8":"product_cat-magyarorszag","9":"product_tag-3rd-auction","10":"product_tag-belyeg","11":"product_tag-probanyomat","12":"product_tag-tabori-posta","13":"product_tag-tevnyomat","14":"product_tag-unsold","16":"first","17":"instock","18":"sold-individually","19":"shipping-taxable","20":"purchasable","21":"product-type-simple"},"_links":{"self":[{"href":"https:\/\/stampcurio.com\/hu\/wp-json\/wp\/v2\/product\/27266","targetHints":{"allow":["GET"]}}],"collection":[{"href":"https:\/\/stampcurio.com\/hu\/wp-json\/wp\/v2\/product"}],"about":[{"href":"https:\/\/stampcurio.com\/hu\/wp-json\/wp\/v2\/types\/product"}],"wp:featuredmedia":[{"embeddable":true,"href":"https:\/\/stampcurio.com\/hu\/wp-json\/wp\/v2\/media\/30704"}],"wp:attachment":[{"href":"https:\/\/stampcurio.com\/hu\/wp-json\/wp\/v2\/media?parent=27266"}],"wp:term":[{"taxonomy":"product_brand","embeddable":true,"href":"https:\/\/stampcurio.com\/hu\/wp-json\/wp\/v2\/product_brand?post=27266"},{"taxonomy":"product_cat","embeddable":true,"href":"https:\/\/stampcurio.com\/hu\/wp-json\/wp\/v2\/product_cat?post=27266"},{"taxonomy":"product_tag","embeddable":true,"href":"https:\/\/stampcurio.com\/hu\/wp-json\/wp\/v2\/product_tag?post=27266"}],"curies":[{"name":"wp","href":"https:\/\/api.w.org\/{rel}","templated":true}]}}