{"id":27265,"date":"2025-11-24T16:28:29","date_gmt":"2025-11-24T15:28:29","guid":{"rendered":"https:\/\/stampcurio.com\/product\/1920-debrecen-debrecen-ii-probanyomatok-pruf-bodor\/"},"modified":"2025-12-05T04:03:12","modified_gmt":"2025-12-05T03:03:12","slug":"1920-magyarorszag-debrecen-helyi-kiadas-kulonfele-debrecen-ii-probanyomatok-pruf-bodor","status":"publish","type":"product","link":"https:\/\/stampcurio.com\/hu\/termek\/1920-magyarorszag-debrecen-helyi-kiadas-kulonfele-debrecen-ii-probanyomatok-pruf-bodor\/","title":{"rendered":"1920 Magyarorsz\u00e1g &#8211; Debrecen helyi kiad\u00e1s &#8211; k\u00fcl\u00f6nf\u00e9le Debrecen II. pr\u00f3banyomatok | Pr\u00fcf: Bodor"},"content":{"rendered":"","protected":false},"excerpt":{"rendered":"","protected":false},"featured_media":34769,"template":"","meta":[],"product_brand":[],"product_cat":[1172,1208],"product_tag":[1669,116,1332,390],"class_list":{"0":"post-27265","1":"product","2":"type-product","3":"status-publish","4":"has-post-thumbnail","6":"product_cat-magyarorszag","7":"product_cat-romania","8":"product_tag-3rd-auction","9":"product_tag-belyeg","10":"product_tag-helyi-kiadas","11":"product_tag-probanyomat","13":"first","14":"outofstock","15":"sold-individually","16":"shipping-taxable","17":"purchasable","18":"product-type-simple"},"_links":{"self":[{"href":"https:\/\/stampcurio.com\/hu\/wp-json\/wp\/v2\/product\/27265","targetHints":{"allow":["GET"]}}],"collection":[{"href":"https:\/\/stampcurio.com\/hu\/wp-json\/wp\/v2\/product"}],"about":[{"href":"https:\/\/stampcurio.com\/hu\/wp-json\/wp\/v2\/types\/product"}],"wp:featuredmedia":[{"embeddable":true,"href":"https:\/\/stampcurio.com\/hu\/wp-json\/wp\/v2\/media\/34769"}],"wp:attachment":[{"href":"https:\/\/stampcurio.com\/hu\/wp-json\/wp\/v2\/media?parent=27265"}],"wp:term":[{"taxonomy":"product_brand","embeddable":true,"href":"https:\/\/stampcurio.com\/hu\/wp-json\/wp\/v2\/product_brand?post=27265"},{"taxonomy":"product_cat","embeddable":true,"href":"https:\/\/stampcurio.com\/hu\/wp-json\/wp\/v2\/product_cat?post=27265"},{"taxonomy":"product_tag","embeddable":true,"href":"https:\/\/stampcurio.com\/hu\/wp-json\/wp\/v2\/product_tag?post=27265"}],"curies":[{"name":"wp","href":"https:\/\/api.w.org\/{rel}","templated":true}]}}