{"id":27262,"date":"2025-11-24T16:28:28","date_gmt":"2025-11-24T15:28:28","guid":{"rendered":"https:\/\/stampcurio.com\/product\/1920-romania-ziaristi-ujsagirok-felulnyomasu-belyegek\/"},"modified":"2026-01-05T15:14:11","modified_gmt":"2026-01-05T14:14:11","slug":"1920-romania-ziaristi-ujsagirok-felulnyomasu-belyegek","status":"publish","type":"product","link":"https:\/\/stampcurio.com\/hu\/termek\/1920-romania-ziaristi-ujsagirok-felulnyomasu-belyegek\/","title":{"rendered":"1920 Rom\u00e1nia &#8211; Ziaristi \/ \u00fajs\u00e1g\u00edr\u00f3k fel\u00fclnyom\u00e1s\u00fa b\u00e9lyegek"},"content":{"rendered":"","protected":false},"excerpt":{"rendered":"<p>1 bani postatiszta ** hatost\u00f6mb, 15 bani pecs\u00e9telve, 1 \u00e9s 40 bani postatiszta *<\/p>\n","protected":false},"featured_media":33188,"template":"","meta":[],"product_brand":[],"product_cat":[1172,1208],"product_tag":[1669,116,1332,1006],"class_list":{"0":"post-27262","1":"product","2":"type-product","3":"status-publish","4":"has-post-thumbnail","6":"product_cat-magyarorszag","7":"product_cat-romania","8":"product_tag-3rd-auction","9":"product_tag-belyeg","10":"product_tag-helyi-kiadas","11":"product_tag-unsold","13":"first","14":"instock","15":"sold-individually","16":"shipping-taxable","17":"purchasable","18":"product-type-simple"},"_links":{"self":[{"href":"https:\/\/stampcurio.com\/hu\/wp-json\/wp\/v2\/product\/27262","targetHints":{"allow":["GET"]}}],"collection":[{"href":"https:\/\/stampcurio.com\/hu\/wp-json\/wp\/v2\/product"}],"about":[{"href":"https:\/\/stampcurio.com\/hu\/wp-json\/wp\/v2\/types\/product"}],"wp:featuredmedia":[{"embeddable":true,"href":"https:\/\/stampcurio.com\/hu\/wp-json\/wp\/v2\/media\/33188"}],"wp:attachment":[{"href":"https:\/\/stampcurio.com\/hu\/wp-json\/wp\/v2\/media?parent=27262"}],"wp:term":[{"taxonomy":"product_brand","embeddable":true,"href":"https:\/\/stampcurio.com\/hu\/wp-json\/wp\/v2\/product_brand?post=27262"},{"taxonomy":"product_cat","embeddable":true,"href":"https:\/\/stampcurio.com\/hu\/wp-json\/wp\/v2\/product_cat?post=27262"},{"taxonomy":"product_tag","embeddable":true,"href":"https:\/\/stampcurio.com\/hu\/wp-json\/wp\/v2\/product_tag?post=27262"}],"curies":[{"name":"wp","href":"https:\/\/api.w.org\/{rel}","templated":true}]}}