{"id":27261,"date":"2025-11-24T16:28:28","date_gmt":"2025-11-24T15:28:28","guid":{"rendered":"https:\/\/stampcurio.com\/product\/1936-magyarorszag-orszagos-ugyvedszovetseg-iratmasolasi-1020-filler-belyeg-cegled-felulnyomassal\/"},"modified":"2026-01-07T12:53:56","modified_gmt":"2026-01-07T11:53:56","slug":"1936-magyarorszag-orszagos-ugyvedszovetseg-iratmasolasi-1020-filler-belyegei-ritkan-lathato-cegled-felulnyomassal","status":"publish","type":"product","link":"https:\/\/stampcurio.com\/hu\/termek\/1936-magyarorszag-orszagos-ugyvedszovetseg-iratmasolasi-1020-filler-belyegei-ritkan-lathato-cegled-felulnyomassal\/","title":{"rendered":"1936 Magyarorsz\u00e1g &#8211; Orsz\u00e1gos \u00dcgyv\u00e9dsz\u00f6vets\u00e9g Iratm\u00e1sol\u00e1si 10+20 fill\u00e9r b\u00e9lyegei, ritk\u00e1n l\u00e1that\u00f3 Cegl\u00e9d fel\u00fclnyom\u00e1ssal"},"content":{"rendered":"","protected":false},"excerpt":{"rendered":"","protected":false},"featured_media":32033,"template":"","meta":[],"product_brand":[],"product_cat":[1172],"product_tag":[1669,282],"class_list":{"0":"post-27261","1":"product","2":"type-product","3":"status-publish","4":"has-post-thumbnail","6":"product_cat-magyarorszag","7":"product_tag-3rd-auction","8":"product_tag-okmanybelyeg","10":"first","11":"outofstock","12":"sold-individually","13":"shipping-taxable","14":"purchasable","15":"product-type-simple"},"_links":{"self":[{"href":"https:\/\/stampcurio.com\/hu\/wp-json\/wp\/v2\/product\/27261","targetHints":{"allow":["GET"]}}],"collection":[{"href":"https:\/\/stampcurio.com\/hu\/wp-json\/wp\/v2\/product"}],"about":[{"href":"https:\/\/stampcurio.com\/hu\/wp-json\/wp\/v2\/types\/product"}],"wp:featuredmedia":[{"embeddable":true,"href":"https:\/\/stampcurio.com\/hu\/wp-json\/wp\/v2\/media\/32033"}],"wp:attachment":[{"href":"https:\/\/stampcurio.com\/hu\/wp-json\/wp\/v2\/media?parent=27261"}],"wp:term":[{"taxonomy":"product_brand","embeddable":true,"href":"https:\/\/stampcurio.com\/hu\/wp-json\/wp\/v2\/product_brand?post=27261"},{"taxonomy":"product_cat","embeddable":true,"href":"https:\/\/stampcurio.com\/hu\/wp-json\/wp\/v2\/product_cat?post=27261"},{"taxonomy":"product_tag","embeddable":true,"href":"https:\/\/stampcurio.com\/hu\/wp-json\/wp\/v2\/product_tag?post=27261"}],"curies":[{"name":"wp","href":"https:\/\/api.w.org\/{rel}","templated":true}]}}