{"id":27260,"date":"2025-11-24T16:28:27","date_gmt":"2025-11-24T15:28:27","guid":{"rendered":"https:\/\/stampcurio.com\/product\/1935-csehszlovakia-utlevel-lapok-12-db-magyar-konzuli-illetekbelyeggel-pozsony-komarom-belyegzesekkel\/"},"modified":"2025-12-05T04:03:14","modified_gmt":"2025-12-05T03:03:14","slug":"1935-magyarorszag-csehszlovakia-ot-utlevel-lap-12-db-magyar-konzuli-illetekbelyeggel-pozsony-komarom-belyegzesekkel","status":"publish","type":"product","link":"https:\/\/stampcurio.com\/hu\/termek\/1935-magyarorszag-csehszlovakia-ot-utlevel-lap-12-db-magyar-konzuli-illetekbelyeggel-pozsony-komarom-belyegzesekkel\/","title":{"rendered":"1935 Magyarorsz\u00e1g &#8211; Csehszlov\u00e1kia &#8211; \u00d6t \u00fatlev\u00e9l lap 12 db magyar konzuli illet\u00e9kb\u00e9lyeggel &#8211; Pozsony, Kom\u00e1rom b\u00e9lyegz\u00e9sekkel"},"content":{"rendered":"","protected":false},"excerpt":{"rendered":"","protected":false},"featured_media":28779,"template":"","meta":[],"product_brand":[],"product_cat":[1672,1172,1189],"product_tag":[1669,282],"class_list":{"0":"post-27260","1":"product","2":"type-product","3":"status-publish","4":"has-post-thumbnail","6":"product_cat-csehszlovakia","7":"product_cat-magyarorszag","8":"product_cat-szlovakia","9":"product_tag-3rd-auction","10":"product_tag-okmanybelyeg","12":"first","13":"outofstock","14":"sold-individually","15":"shipping-taxable","16":"purchasable","17":"product-type-simple"},"_links":{"self":[{"href":"https:\/\/stampcurio.com\/hu\/wp-json\/wp\/v2\/product\/27260","targetHints":{"allow":["GET"]}}],"collection":[{"href":"https:\/\/stampcurio.com\/hu\/wp-json\/wp\/v2\/product"}],"about":[{"href":"https:\/\/stampcurio.com\/hu\/wp-json\/wp\/v2\/types\/product"}],"wp:featuredmedia":[{"embeddable":true,"href":"https:\/\/stampcurio.com\/hu\/wp-json\/wp\/v2\/media\/28779"}],"wp:attachment":[{"href":"https:\/\/stampcurio.com\/hu\/wp-json\/wp\/v2\/media?parent=27260"}],"wp:term":[{"taxonomy":"product_brand","embeddable":true,"href":"https:\/\/stampcurio.com\/hu\/wp-json\/wp\/v2\/product_brand?post=27260"},{"taxonomy":"product_cat","embeddable":true,"href":"https:\/\/stampcurio.com\/hu\/wp-json\/wp\/v2\/product_cat?post=27260"},{"taxonomy":"product_tag","embeddable":true,"href":"https:\/\/stampcurio.com\/hu\/wp-json\/wp\/v2\/product_tag?post=27260"}],"curies":[{"name":"wp","href":"https:\/\/api.w.org\/{rel}","templated":true}]}}