{"id":27259,"date":"2025-11-24T16:28:27","date_gmt":"2025-11-24T15:28:27","guid":{"rendered":"https:\/\/stampcurio.com\/product\/1867-magyarorszag-25-kr-kohalom-attest-visnyovszky\/"},"modified":"2025-12-06T11:59:08","modified_gmt":"2025-12-06T10:59:08","slug":"1867-magyarorszag-25-kr-kohalom-belyegzessel-attest-visnyovszky","status":"publish","type":"product","link":"https:\/\/stampcurio.com\/hu\/termek\/1867-magyarorszag-25-kr-kohalom-belyegzessel-attest-visnyovszky\/","title":{"rendered":"1867 Magyarorsz\u00e1g &#8211; 25 kr K\u0150HALOM b\u00e9lyegz\u00e9ssel | Attest: Visnyovszki"},"content":{"rendered":"","protected":false},"excerpt":{"rendered":"","protected":false},"featured_media":34777,"template":"","meta":[],"product_brand":[],"product_cat":[1178,1172,1208],"product_tag":[1669,116],"class_list":{"0":"post-27259","1":"product","2":"type-product","3":"status-publish","4":"has-post-thumbnail","6":"product_cat-ausztria","7":"product_cat-magyarorszag","8":"product_cat-romania","9":"product_tag-3rd-auction","10":"product_tag-belyeg","12":"first","13":"outofstock","14":"sold-individually","15":"shipping-taxable","16":"purchasable","17":"product-type-simple"},"_links":{"self":[{"href":"https:\/\/stampcurio.com\/hu\/wp-json\/wp\/v2\/product\/27259","targetHints":{"allow":["GET"]}}],"collection":[{"href":"https:\/\/stampcurio.com\/hu\/wp-json\/wp\/v2\/product"}],"about":[{"href":"https:\/\/stampcurio.com\/hu\/wp-json\/wp\/v2\/types\/product"}],"wp:featuredmedia":[{"embeddable":true,"href":"https:\/\/stampcurio.com\/hu\/wp-json\/wp\/v2\/media\/34777"}],"wp:attachment":[{"href":"https:\/\/stampcurio.com\/hu\/wp-json\/wp\/v2\/media?parent=27259"}],"wp:term":[{"taxonomy":"product_brand","embeddable":true,"href":"https:\/\/stampcurio.com\/hu\/wp-json\/wp\/v2\/product_brand?post=27259"},{"taxonomy":"product_cat","embeddable":true,"href":"https:\/\/stampcurio.com\/hu\/wp-json\/wp\/v2\/product_cat?post=27259"},{"taxonomy":"product_tag","embeddable":true,"href":"https:\/\/stampcurio.com\/hu\/wp-json\/wp\/v2\/product_tag?post=27259"}],"curies":[{"name":"wp","href":"https:\/\/api.w.org\/{rel}","templated":true}]}}