{"id":27258,"date":"2025-11-24T16:28:27","date_gmt":"2025-11-24T15:28:27","guid":{"rendered":"https:\/\/stampcurio.com\/product\/1867-ausztria-levante-15-sld-par-bucarest-belyegzessel-ferchenbauer-250-eur\/"},"modified":"2026-01-05T15:14:11","modified_gmt":"2026-01-05T14:14:11","slug":"1867-magyarorszag-levante-15-sld-par-bucarest-belyegzessel-ferchenbauer-250-eur","status":"publish","type":"product","link":"https:\/\/stampcurio.com\/hu\/termek\/1867-magyarorszag-levante-15-sld-par-bucarest-belyegzessel-ferchenbauer-250-eur\/","title":{"rendered":"1867 Magyarorsz\u00e1g &#8211; Levante 15 sld p\u00e1r BUCAREST b\u00e9lyegz\u00e9ssel | Ferchenbauer: 250 EUR"},"content":{"rendered":"","protected":false},"excerpt":{"rendered":"<p>A baloldali b\u00e9lyegen elv\u00e9konyod\u00e1s.<\/p>\n","protected":false},"featured_media":34781,"template":"","meta":[],"product_brand":[],"product_cat":[1178,1172,1208],"product_tag":[1669,116,127,1041,89,1006],"class_list":{"0":"post-27258","1":"product","2":"type-product","3":"status-publish","4":"has-post-thumbnail","6":"product_cat-ausztria","7":"product_cat-magyarorszag","8":"product_cat-romania","9":"product_tag-3rd-auction","10":"product_tag-belyeg","11":"product_tag-konzulatusi-posta","12":"product_tag-marcophily-hu","13":"product_tag-postatortenet","14":"product_tag-unsold","16":"first","17":"instock","18":"sold-individually","19":"shipping-taxable","20":"purchasable","21":"product-type-simple"},"_links":{"self":[{"href":"https:\/\/stampcurio.com\/hu\/wp-json\/wp\/v2\/product\/27258","targetHints":{"allow":["GET"]}}],"collection":[{"href":"https:\/\/stampcurio.com\/hu\/wp-json\/wp\/v2\/product"}],"about":[{"href":"https:\/\/stampcurio.com\/hu\/wp-json\/wp\/v2\/types\/product"}],"wp:featuredmedia":[{"embeddable":true,"href":"https:\/\/stampcurio.com\/hu\/wp-json\/wp\/v2\/media\/34781"}],"wp:attachment":[{"href":"https:\/\/stampcurio.com\/hu\/wp-json\/wp\/v2\/media?parent=27258"}],"wp:term":[{"taxonomy":"product_brand","embeddable":true,"href":"https:\/\/stampcurio.com\/hu\/wp-json\/wp\/v2\/product_brand?post=27258"},{"taxonomy":"product_cat","embeddable":true,"href":"https:\/\/stampcurio.com\/hu\/wp-json\/wp\/v2\/product_cat?post=27258"},{"taxonomy":"product_tag","embeddable":true,"href":"https:\/\/stampcurio.com\/hu\/wp-json\/wp\/v2\/product_tag?post=27258"}],"curies":[{"name":"wp","href":"https:\/\/api.w.org\/{rel}","templated":true}]}}