{"id":27254,"date":"2025-11-24T16:28:25","date_gmt":"2025-11-24T15:28:25","guid":{"rendered":"https:\/\/stampcurio.com\/product\/1916-japan-nyomtatvanykent-kuldott-levelezolap-japanba-melyet-a-japan-posta-nem-fogadott-el-nyomtatvanykent-ezert-kepeslapkent-portozta-4-sen-portoval\/"},"modified":"2026-01-05T15:14:12","modified_gmt":"2026-01-05T14:14:12","slug":"1916-magyarorszag-japanba-nyomtatvanykent-kuldott-levelezolap-melyet-a-japan-posta-nem-fogadott-el-nyomtatvanykent-ezert-kepeslapkent-portozta-4-sen-portoval","status":"publish","type":"product","link":"https:\/\/stampcurio.com\/hu\/termek\/1916-magyarorszag-japanba-nyomtatvanykent-kuldott-levelezolap-melyet-a-japan-posta-nem-fogadott-el-nyomtatvanykent-ezert-kepeslapkent-portozta-4-sen-portoval\/","title":{"rendered":"1916 Magyarorsz\u00e1g &#8211; Jap\u00e1nba nyomtatv\u00e1nyk\u00e9nt k\u00fcld\u00f6tt levelez\u0151lap, melyet a Jap\u00e1n posta nem fogadott el nyomtatv\u00e1nyk\u00e9nt, ez\u00e9rt k\u00e9peslapk\u00e9nt port\u00f3zta 4 SEN port\u00f3val"},"content":{"rendered":"","protected":false},"excerpt":{"rendered":"","protected":false},"featured_media":28707,"template":"","meta":[],"product_brand":[],"product_cat":[1184,1172],"product_tag":[1669,108,89,1006],"class_list":{"0":"post-27254","1":"product","2":"type-product","3":"status-publish","4":"has-post-thumbnail","6":"product_cat-japan","7":"product_cat-magyarorszag","8":"product_tag-3rd-auction","9":"product_tag-porto","10":"product_tag-postatortenet","11":"product_tag-unsold","13":"first","14":"instock","15":"sold-individually","16":"shipping-taxable","17":"purchasable","18":"product-type-simple"},"_links":{"self":[{"href":"https:\/\/stampcurio.com\/hu\/wp-json\/wp\/v2\/product\/27254","targetHints":{"allow":["GET"]}}],"collection":[{"href":"https:\/\/stampcurio.com\/hu\/wp-json\/wp\/v2\/product"}],"about":[{"href":"https:\/\/stampcurio.com\/hu\/wp-json\/wp\/v2\/types\/product"}],"wp:featuredmedia":[{"embeddable":true,"href":"https:\/\/stampcurio.com\/hu\/wp-json\/wp\/v2\/media\/28707"}],"wp:attachment":[{"href":"https:\/\/stampcurio.com\/hu\/wp-json\/wp\/v2\/media?parent=27254"}],"wp:term":[{"taxonomy":"product_brand","embeddable":true,"href":"https:\/\/stampcurio.com\/hu\/wp-json\/wp\/v2\/product_brand?post=27254"},{"taxonomy":"product_cat","embeddable":true,"href":"https:\/\/stampcurio.com\/hu\/wp-json\/wp\/v2\/product_cat?post=27254"},{"taxonomy":"product_tag","embeddable":true,"href":"https:\/\/stampcurio.com\/hu\/wp-json\/wp\/v2\/product_tag?post=27254"}],"curies":[{"name":"wp","href":"https:\/\/api.w.org\/{rel}","templated":true}]}}