{"id":27253,"date":"2025-11-24T16:28:25","date_gmt":"2025-11-24T15:28:25","guid":{"rendered":"https:\/\/stampcurio.com\/product\/1945-marcius-vege-magyarorszag-postaszolgalati-levelezolap-a-62-es-postarol-budara-kuldve\/"},"modified":"2025-12-05T04:03:15","modified_gmt":"2025-12-05T03:03:15","slug":"1945-magyarorszag-marcius-vege-postaszolgalati-levelezolap-a-62-es-postarol-budara-kuldve","status":"publish","type":"product","link":"https:\/\/stampcurio.com\/hu\/termek\/1945-magyarorszag-marcius-vege-postaszolgalati-levelezolap-a-62-es-postarol-budara-kuldve\/","title":{"rendered":"1945 Magyarorsz\u00e1g &#8211; m\u00e1rcius v\u00e9ge &#8211; postaszolg\u00e1lati levelez\u0151lap a 62-es post\u00e1r\u00f3l Bud\u00e1ra (!) k\u00fcldve"},"content":{"rendered":"","protected":false},"excerpt":{"rendered":"<p>Beh\u00edv\u00f3 a 62 post\u00e1ra szolg\u00e1latra, melyet Bud\u00e1ra k\u00fcldtek. Sz\u00e9p bizony\u00edt\u00e9ka annak, hogy m\u00e1r Bud\u00e1n is volt postai k\u00e9zbes\u00edt\u00e9s m\u00e1rciusban is.<\/p>\n","protected":false},"featured_media":28710,"template":"","meta":[],"product_brand":[],"product_cat":[1172],"product_tag":[1669,89],"class_list":{"0":"post-27253","1":"product","2":"type-product","3":"status-publish","4":"has-post-thumbnail","6":"product_cat-magyarorszag","7":"product_tag-3rd-auction","8":"product_tag-postatortenet","10":"first","11":"outofstock","12":"sold-individually","13":"shipping-taxable","14":"purchasable","15":"product-type-simple"},"_links":{"self":[{"href":"https:\/\/stampcurio.com\/hu\/wp-json\/wp\/v2\/product\/27253","targetHints":{"allow":["GET"]}}],"collection":[{"href":"https:\/\/stampcurio.com\/hu\/wp-json\/wp\/v2\/product"}],"about":[{"href":"https:\/\/stampcurio.com\/hu\/wp-json\/wp\/v2\/types\/product"}],"wp:featuredmedia":[{"embeddable":true,"href":"https:\/\/stampcurio.com\/hu\/wp-json\/wp\/v2\/media\/28710"}],"wp:attachment":[{"href":"https:\/\/stampcurio.com\/hu\/wp-json\/wp\/v2\/media?parent=27253"}],"wp:term":[{"taxonomy":"product_brand","embeddable":true,"href":"https:\/\/stampcurio.com\/hu\/wp-json\/wp\/v2\/product_brand?post=27253"},{"taxonomy":"product_cat","embeddable":true,"href":"https:\/\/stampcurio.com\/hu\/wp-json\/wp\/v2\/product_cat?post=27253"},{"taxonomy":"product_tag","embeddable":true,"href":"https:\/\/stampcurio.com\/hu\/wp-json\/wp\/v2\/product_tag?post=27253"}],"curies":[{"name":"wp","href":"https:\/\/api.w.org\/{rel}","templated":true}]}}