{"id":27252,"date":"2025-11-24T16:28:24","date_gmt":"2025-11-24T15:28:24","guid":{"rendered":"https:\/\/stampcurio.com\/product\/1854-ausztria-lombard-velence-24-lira-belyeg\/"},"modified":"2025-12-05T04:03:17","modified_gmt":"2025-12-05T03:03:17","slug":"1854-ausztria-lombard-velence-24-lira-okmanybelyeg-szucs-150-eur","status":"publish","type":"product","link":"https:\/\/stampcurio.com\/hu\/termek\/1854-ausztria-lombard-velence-24-lira-okmanybelyeg-szucs-150-eur\/","title":{"rendered":"1854 Ausztria &#8211; Lombard-Velence 24 lira okm\u00e1nyb\u00e9lyeg &#8211; Sz\u0171cs 150 EUR"},"content":{"rendered":"","protected":false},"excerpt":{"rendered":"","protected":false},"featured_media":34773,"template":"","meta":[],"product_brand":[],"product_cat":[1178,1183],"product_tag":[1669,282],"class_list":{"0":"post-27252","1":"product","2":"type-product","3":"status-publish","4":"has-post-thumbnail","6":"product_cat-ausztria","7":"product_cat-olaszorszag","8":"product_tag-3rd-auction","9":"product_tag-okmanybelyeg","11":"first","12":"outofstock","13":"sold-individually","14":"shipping-taxable","15":"purchasable","16":"product-type-simple"},"_links":{"self":[{"href":"https:\/\/stampcurio.com\/hu\/wp-json\/wp\/v2\/product\/27252","targetHints":{"allow":["GET"]}}],"collection":[{"href":"https:\/\/stampcurio.com\/hu\/wp-json\/wp\/v2\/product"}],"about":[{"href":"https:\/\/stampcurio.com\/hu\/wp-json\/wp\/v2\/types\/product"}],"wp:featuredmedia":[{"embeddable":true,"href":"https:\/\/stampcurio.com\/hu\/wp-json\/wp\/v2\/media\/34773"}],"wp:attachment":[{"href":"https:\/\/stampcurio.com\/hu\/wp-json\/wp\/v2\/media?parent=27252"}],"wp:term":[{"taxonomy":"product_brand","embeddable":true,"href":"https:\/\/stampcurio.com\/hu\/wp-json\/wp\/v2\/product_brand?post=27252"},{"taxonomy":"product_cat","embeddable":true,"href":"https:\/\/stampcurio.com\/hu\/wp-json\/wp\/v2\/product_cat?post=27252"},{"taxonomy":"product_tag","embeddable":true,"href":"https:\/\/stampcurio.com\/hu\/wp-json\/wp\/v2\/product_tag?post=27252"}],"curies":[{"name":"wp","href":"https:\/\/api.w.org\/{rel}","templated":true}]}}