{"id":27251,"date":"2025-11-24T16:28:24","date_gmt":"2025-11-24T15:28:24","guid":{"rendered":"https:\/\/stampcurio.com\/product\/1945-magyarorszag-decs-lila-gumibelyegzes-50-filler-tizestombon\/"},"modified":"2025-12-05T04:03:16","modified_gmt":"2025-12-05T03:03:16","slug":"1945-magyarorszag-decs-lila-provizorikus-gumibelyegzes-50-filler-tizestombon","status":"publish","type":"product","link":"https:\/\/stampcurio.com\/hu\/termek\/1945-magyarorszag-decs-lila-provizorikus-gumibelyegzes-50-filler-tizestombon\/","title":{"rendered":"1945 Magyarorsz\u00e1g &#8211; DECS lila proviz\u00f3rikus gumib\u00e9lyegz\u00e9s 50 fill\u00e9r tizest\u00f6mb\u00f6n"},"content":{"rendered":"","protected":false},"excerpt":{"rendered":"","protected":false},"featured_media":32249,"template":"","meta":[],"product_brand":[],"product_cat":[1172],"product_tag":[1669,1041],"class_list":{"0":"post-27251","1":"product","2":"type-product","3":"status-publish","4":"has-post-thumbnail","6":"product_cat-magyarorszag","7":"product_tag-3rd-auction","8":"product_tag-marcophily-hu","10":"first","11":"outofstock","12":"sold-individually","13":"shipping-taxable","14":"purchasable","15":"product-type-simple"},"_links":{"self":[{"href":"https:\/\/stampcurio.com\/hu\/wp-json\/wp\/v2\/product\/27251","targetHints":{"allow":["GET"]}}],"collection":[{"href":"https:\/\/stampcurio.com\/hu\/wp-json\/wp\/v2\/product"}],"about":[{"href":"https:\/\/stampcurio.com\/hu\/wp-json\/wp\/v2\/types\/product"}],"wp:featuredmedia":[{"embeddable":true,"href":"https:\/\/stampcurio.com\/hu\/wp-json\/wp\/v2\/media\/32249"}],"wp:attachment":[{"href":"https:\/\/stampcurio.com\/hu\/wp-json\/wp\/v2\/media?parent=27251"}],"wp:term":[{"taxonomy":"product_brand","embeddable":true,"href":"https:\/\/stampcurio.com\/hu\/wp-json\/wp\/v2\/product_brand?post=27251"},{"taxonomy":"product_cat","embeddable":true,"href":"https:\/\/stampcurio.com\/hu\/wp-json\/wp\/v2\/product_cat?post=27251"},{"taxonomy":"product_tag","embeddable":true,"href":"https:\/\/stampcurio.com\/hu\/wp-json\/wp\/v2\/product_tag?post=27251"}],"curies":[{"name":"wp","href":"https:\/\/api.w.org\/{rel}","templated":true}]}}