{"id":27250,"date":"2025-11-24T16:28:24","date_gmt":"2025-11-24T15:28:24","guid":{"rendered":"https:\/\/stampcurio.com\/product\/1913-magyarorszag-turul-60-filler-postatiszta-jelentos-nyomashiannyal-a-jobb-oldalon\/"},"modified":"2026-01-05T15:14:12","modified_gmt":"2026-01-05T14:14:12","slug":"1913-magyarorszag-turul-60-filler-postatiszta-jelentos-nyomashiannyal-a-jobb-oldalon","status":"publish","type":"product","link":"https:\/\/stampcurio.com\/hu\/termek\/1913-magyarorszag-turul-60-filler-postatiszta-jelentos-nyomashiannyal-a-jobb-oldalon\/","title":{"rendered":"1913 Magyarorsz\u00e1g &#8211; Turul 60 fill\u00e9r postatiszta * &#8211; jelent\u0151s nyom\u00e1shi\u00e1nnyal a jobb oldalon"},"content":{"rendered":"","protected":false},"excerpt":{"rendered":"","protected":false},"featured_media":32269,"template":"","meta":[],"product_brand":[],"product_cat":[1172],"product_tag":[1669,116,217,1006],"class_list":{"0":"post-27250","1":"product","2":"type-product","3":"status-publish","4":"has-post-thumbnail","6":"product_cat-magyarorszag","7":"product_tag-3rd-auction","8":"product_tag-belyeg","9":"product_tag-tevnyomat","10":"product_tag-unsold","12":"first","13":"instock","14":"sold-individually","15":"shipping-taxable","16":"purchasable","17":"product-type-simple"},"_links":{"self":[{"href":"https:\/\/stampcurio.com\/hu\/wp-json\/wp\/v2\/product\/27250","targetHints":{"allow":["GET"]}}],"collection":[{"href":"https:\/\/stampcurio.com\/hu\/wp-json\/wp\/v2\/product"}],"about":[{"href":"https:\/\/stampcurio.com\/hu\/wp-json\/wp\/v2\/types\/product"}],"wp:featuredmedia":[{"embeddable":true,"href":"https:\/\/stampcurio.com\/hu\/wp-json\/wp\/v2\/media\/32269"}],"wp:attachment":[{"href":"https:\/\/stampcurio.com\/hu\/wp-json\/wp\/v2\/media?parent=27250"}],"wp:term":[{"taxonomy":"product_brand","embeddable":true,"href":"https:\/\/stampcurio.com\/hu\/wp-json\/wp\/v2\/product_brand?post=27250"},{"taxonomy":"product_cat","embeddable":true,"href":"https:\/\/stampcurio.com\/hu\/wp-json\/wp\/v2\/product_cat?post=27250"},{"taxonomy":"product_tag","embeddable":true,"href":"https:\/\/stampcurio.com\/hu\/wp-json\/wp\/v2\/product_tag?post=27250"}],"curies":[{"name":"wp","href":"https:\/\/api.w.org\/{rel}","templated":true}]}}