{"id":27249,"date":"2025-11-24T16:28:23","date_gmt":"2025-11-24T15:28:23","guid":{"rendered":"https:\/\/stampcurio.com\/product\/1888-89-magyarorszag-krajcaros-belyegek-balassagyarmat-belyegzessel\/"},"modified":"2025-12-05T04:03:17","modified_gmt":"2025-12-05T03:03:17","slug":"1888-89-magyarorszag-krajcaros-belyegek-szep-balassagyarmat-belyegzessel","status":"publish","type":"product","link":"https:\/\/stampcurio.com\/hu\/termek\/1888-89-magyarorszag-krajcaros-belyegek-szep-balassagyarmat-belyegzessel\/","title":{"rendered":"1888-89 Magyarorsz\u00e1g &#8211; krajc\u00e1ros b\u00e9lyegek sz\u00e9p BALASSAGYARMAT b\u00e9lyegz\u00e9ssel"},"content":{"rendered":"","protected":false},"excerpt":{"rendered":"","protected":false},"featured_media":32275,"template":"","meta":[],"product_brand":[],"product_cat":[1172],"product_tag":[1669,116,1041],"class_list":{"0":"post-27249","1":"product","2":"type-product","3":"status-publish","4":"has-post-thumbnail","6":"product_cat-magyarorszag","7":"product_tag-3rd-auction","8":"product_tag-belyeg","9":"product_tag-marcophily-hu","11":"first","12":"outofstock","13":"sold-individually","14":"shipping-taxable","15":"purchasable","16":"product-type-simple"},"_links":{"self":[{"href":"https:\/\/stampcurio.com\/hu\/wp-json\/wp\/v2\/product\/27249","targetHints":{"allow":["GET"]}}],"collection":[{"href":"https:\/\/stampcurio.com\/hu\/wp-json\/wp\/v2\/product"}],"about":[{"href":"https:\/\/stampcurio.com\/hu\/wp-json\/wp\/v2\/types\/product"}],"wp:featuredmedia":[{"embeddable":true,"href":"https:\/\/stampcurio.com\/hu\/wp-json\/wp\/v2\/media\/32275"}],"wp:attachment":[{"href":"https:\/\/stampcurio.com\/hu\/wp-json\/wp\/v2\/media?parent=27249"}],"wp:term":[{"taxonomy":"product_brand","embeddable":true,"href":"https:\/\/stampcurio.com\/hu\/wp-json\/wp\/v2\/product_brand?post=27249"},{"taxonomy":"product_cat","embeddable":true,"href":"https:\/\/stampcurio.com\/hu\/wp-json\/wp\/v2\/product_cat?post=27249"},{"taxonomy":"product_tag","embeddable":true,"href":"https:\/\/stampcurio.com\/hu\/wp-json\/wp\/v2\/product_tag?post=27249"}],"curies":[{"name":"wp","href":"https:\/\/api.w.org\/{rel}","templated":true}]}}