{"id":27247,"date":"2025-11-24T16:28:19","date_gmt":"2025-11-24T15:28:19","guid":{"rendered":"https:\/\/stampcurio.com\/product\/1922-magyarorszag-sarkad-varosi-illetekbelyeg-fekete-szinu-probanyomata-kretapapiron\/"},"modified":"2026-01-05T15:14:13","modified_gmt":"2026-01-05T14:14:13","slug":"1922-magyarorszag-sarkad-varosi-illetekbelyeg-fekete-szinu-probanyomata-kretapapiron-szakirodalomban-ismeretlen","status":"publish","type":"product","link":"https:\/\/stampcurio.com\/hu\/termek\/1922-magyarorszag-sarkad-varosi-illetekbelyeg-fekete-szinu-probanyomata-kretapapiron-szakirodalomban-ismeretlen\/","title":{"rendered":"1922 Magyarorsz\u00e1g &#8211; Sarkad v\u00e1rosi illet\u00e9kb\u00e9lyeg fekete sz\u00edn\u0171 pr\u00f3banyomata kr\u00e9tapap\u00edron. Szakirodalomban ismeretlen!"},"content":{"rendered":"","protected":false},"excerpt":{"rendered":"","protected":false},"featured_media":32277,"template":"","meta":[],"product_brand":[],"product_cat":[1172],"product_tag":[1669,282,390,1006],"class_list":{"0":"post-27247","1":"product","2":"type-product","3":"status-publish","4":"has-post-thumbnail","6":"product_cat-magyarorszag","7":"product_tag-3rd-auction","8":"product_tag-okmanybelyeg","9":"product_tag-probanyomat","10":"product_tag-unsold","12":"first","13":"instock","14":"sold-individually","15":"shipping-taxable","16":"purchasable","17":"product-type-simple"},"_links":{"self":[{"href":"https:\/\/stampcurio.com\/hu\/wp-json\/wp\/v2\/product\/27247","targetHints":{"allow":["GET"]}}],"collection":[{"href":"https:\/\/stampcurio.com\/hu\/wp-json\/wp\/v2\/product"}],"about":[{"href":"https:\/\/stampcurio.com\/hu\/wp-json\/wp\/v2\/types\/product"}],"wp:featuredmedia":[{"embeddable":true,"href":"https:\/\/stampcurio.com\/hu\/wp-json\/wp\/v2\/media\/32277"}],"wp:attachment":[{"href":"https:\/\/stampcurio.com\/hu\/wp-json\/wp\/v2\/media?parent=27247"}],"wp:term":[{"taxonomy":"product_brand","embeddable":true,"href":"https:\/\/stampcurio.com\/hu\/wp-json\/wp\/v2\/product_brand?post=27247"},{"taxonomy":"product_cat","embeddable":true,"href":"https:\/\/stampcurio.com\/hu\/wp-json\/wp\/v2\/product_cat?post=27247"},{"taxonomy":"product_tag","embeddable":true,"href":"https:\/\/stampcurio.com\/hu\/wp-json\/wp\/v2\/product_tag?post=27247"}],"curies":[{"name":"wp","href":"https:\/\/api.w.org\/{rel}","templated":true}]}}