{"id":27246,"date":"2025-11-24T16:28:19","date_gmt":"2025-11-24T15:28:19","guid":{"rendered":"https:\/\/stampcurio.com\/product\/1919-magyarorszag-debrecen-felulnyomatok-colonas-specimen-felulnyomassal-a-portugal-posta-szamara-keszitett-upu-specimen\/"},"modified":"2025-12-05T14:46:55","modified_gmt":"2025-12-05T13:46:55","slug":"1919-magyarorszag-romania-debrecen-felulnyomasu-belyegek-colonas-specimen-portugal-upu-felulnyomassal-attest-bodor","status":"publish","type":"product","link":"https:\/\/stampcurio.com\/hu\/termek\/1919-magyarorszag-romania-debrecen-felulnyomasu-belyegek-colonas-specimen-portugal-upu-felulnyomassal-attest-bodor\/","title":{"rendered":"1919 Magyarorsz\u00e1g &#8211; Rom\u00e1nia &#8211; Debrecen fel\u00fclnyom\u00e1s\u00fa b\u00e9lyegek &#8220;Colonas&#8221; specimen portug\u00e1l UPU fel\u00fclnyom\u00e1ssal, Attest: Bodor"},"content":{"rendered":"","protected":false},"excerpt":{"rendered":"<p>UPU sz\u00e1m\u00e1ra kik\u00fcld\u00f6tt minta b\u00e9lyegek.<\/p>\n","protected":false},"featured_media":36953,"template":"","meta":[],"product_brand":[],"product_cat":[1172,1290,1208],"product_tag":[1669,116,1704,1332,176,390,217],"class_list":{"0":"post-27246","1":"product","2":"type-product","3":"status-publish","4":"has-post-thumbnail","6":"product_cat-magyarorszag","7":"product_cat-portugalia","8":"product_cat-romania","9":"product_tag-3rd-auction","10":"product_tag-belyeg","11":"product_tag-hasimage","12":"product_tag-helyi-kiadas","13":"product_tag-philagem","14":"product_tag-probanyomat","15":"product_tag-tevnyomat","17":"first","18":"outofstock","19":"sold-individually","20":"shipping-taxable","21":"purchasable","22":"product-type-simple"},"_links":{"self":[{"href":"https:\/\/stampcurio.com\/hu\/wp-json\/wp\/v2\/product\/27246","targetHints":{"allow":["GET"]}}],"collection":[{"href":"https:\/\/stampcurio.com\/hu\/wp-json\/wp\/v2\/product"}],"about":[{"href":"https:\/\/stampcurio.com\/hu\/wp-json\/wp\/v2\/types\/product"}],"wp:featuredmedia":[{"embeddable":true,"href":"https:\/\/stampcurio.com\/hu\/wp-json\/wp\/v2\/media\/36953"}],"wp:attachment":[{"href":"https:\/\/stampcurio.com\/hu\/wp-json\/wp\/v2\/media?parent=27246"}],"wp:term":[{"taxonomy":"product_brand","embeddable":true,"href":"https:\/\/stampcurio.com\/hu\/wp-json\/wp\/v2\/product_brand?post=27246"},{"taxonomy":"product_cat","embeddable":true,"href":"https:\/\/stampcurio.com\/hu\/wp-json\/wp\/v2\/product_cat?post=27246"},{"taxonomy":"product_tag","embeddable":true,"href":"https:\/\/stampcurio.com\/hu\/wp-json\/wp\/v2\/product_tag?post=27246"}],"curies":[{"name":"wp","href":"https:\/\/api.w.org\/{rel}","templated":true}]}}