{"id":27245,"date":"2025-11-24T16:28:18","date_gmt":"2025-11-24T15:28:18","guid":{"rendered":"https:\/\/stampcurio.com\/product\/1945-magyarorszag-betus-tl2-postatiszta-negyestombben-a-kozepso-belyegen-t-nelkul-phu-38-eur\/"},"modified":"2026-01-05T15:14:13","modified_gmt":"2026-01-05T14:14:13","slug":"1945-magyarorszag-betus-tl-2-postatiszta-kilencestombben-a-kozepso-belyegen-a-felulnyomat-t-nelkul-phu-38-eur","status":"publish","type":"product","link":"https:\/\/stampcurio.com\/hu\/termek\/1945-magyarorszag-betus-tl-2-postatiszta-kilencestombben-a-kozepso-belyegen-a-felulnyomat-t-nelkul-phu-38-eur\/","title":{"rendered":"1945 Magyarorsz\u00e1g &#8211; Bet\u0171s Tl. 2 postatiszta kilencest\u00f6mbben, a k\u00f6z\u00e9ps\u0151 b\u00e9lyegen a fel\u00fclnyomat T n\u00e9lk\u00fcl | Phu: 38++ EUR"},"content":{"rendered":"","protected":false},"excerpt":{"rendered":"","protected":false},"featured_media":31124,"template":"","meta":[],"product_brand":[],"product_cat":[1172],"product_tag":[1669,116,217,1006],"class_list":{"0":"post-27245","1":"product","2":"type-product","3":"status-publish","4":"has-post-thumbnail","6":"product_cat-magyarorszag","7":"product_tag-3rd-auction","8":"product_tag-belyeg","9":"product_tag-tevnyomat","10":"product_tag-unsold","12":"first","13":"instock","14":"sold-individually","15":"shipping-taxable","16":"purchasable","17":"product-type-simple"},"_links":{"self":[{"href":"https:\/\/stampcurio.com\/hu\/wp-json\/wp\/v2\/product\/27245","targetHints":{"allow":["GET"]}}],"collection":[{"href":"https:\/\/stampcurio.com\/hu\/wp-json\/wp\/v2\/product"}],"about":[{"href":"https:\/\/stampcurio.com\/hu\/wp-json\/wp\/v2\/types\/product"}],"wp:featuredmedia":[{"embeddable":true,"href":"https:\/\/stampcurio.com\/hu\/wp-json\/wp\/v2\/media\/31124"}],"wp:attachment":[{"href":"https:\/\/stampcurio.com\/hu\/wp-json\/wp\/v2\/media?parent=27245"}],"wp:term":[{"taxonomy":"product_brand","embeddable":true,"href":"https:\/\/stampcurio.com\/hu\/wp-json\/wp\/v2\/product_brand?post=27245"},{"taxonomy":"product_cat","embeddable":true,"href":"https:\/\/stampcurio.com\/hu\/wp-json\/wp\/v2\/product_cat?post=27245"},{"taxonomy":"product_tag","embeddable":true,"href":"https:\/\/stampcurio.com\/hu\/wp-json\/wp\/v2\/product_tag?post=27245"}],"curies":[{"name":"wp","href":"https:\/\/api.w.org\/{rel}","templated":true}]}}