{"id":27244,"date":"2025-11-24T16:28:18","date_gmt":"2025-11-24T15:28:18","guid":{"rendered":"https:\/\/stampcurio.com\/product\/1955-magyarorszag-meghatalmazas-ervenyes-belyegek-negyestombben-ritka-osszefugges\/"},"modified":"2026-01-05T15:14:13","modified_gmt":"2026-01-05T14:14:13","slug":"1955-magyarorszag-meghatalmazas-ervenyes-belyegek-negyestombben-ritka-osszefugges","status":"publish","type":"product","link":"https:\/\/stampcurio.com\/hu\/termek\/1955-magyarorszag-meghatalmazas-ervenyes-belyegek-negyestombben-ritka-osszefugges\/","title":{"rendered":"1955 Magyarorsz\u00e1g &#8211; Meghatalmaz\u00e1s + \u00c9rv\u00e9nyes b\u00e9lyegek n\u00e9gyest\u00f6mbben. Ritka \u00f6sszef\u00fcgg\u00e9s."},"content":{"rendered":"","protected":false},"excerpt":{"rendered":"<p>A meghatalmaz\u00e1s &#8211; \u00e9rv\u00e9nyes b\u00e9lyegek t\u00f6bbes felhaszn\u00e1l\u00e1sa ritka. Az als\u00f3 b\u00e9lyegeken \u00e1tmen\u0151 hajt\u00e1snyom.<\/p>\n","protected":false},"featured_media":30666,"template":"","meta":[],"product_brand":[],"product_cat":[1172],"product_tag":[1669,116,1006],"class_list":{"0":"post-27244","1":"product","2":"type-product","3":"status-publish","4":"has-post-thumbnail","6":"product_cat-magyarorszag","7":"product_tag-3rd-auction","8":"product_tag-belyeg","9":"product_tag-unsold","11":"first","12":"instock","13":"sold-individually","14":"shipping-taxable","15":"purchasable","16":"product-type-simple"},"_links":{"self":[{"href":"https:\/\/stampcurio.com\/hu\/wp-json\/wp\/v2\/product\/27244","targetHints":{"allow":["GET"]}}],"collection":[{"href":"https:\/\/stampcurio.com\/hu\/wp-json\/wp\/v2\/product"}],"about":[{"href":"https:\/\/stampcurio.com\/hu\/wp-json\/wp\/v2\/types\/product"}],"wp:featuredmedia":[{"embeddable":true,"href":"https:\/\/stampcurio.com\/hu\/wp-json\/wp\/v2\/media\/30666"}],"wp:attachment":[{"href":"https:\/\/stampcurio.com\/hu\/wp-json\/wp\/v2\/media?parent=27244"}],"wp:term":[{"taxonomy":"product_brand","embeddable":true,"href":"https:\/\/stampcurio.com\/hu\/wp-json\/wp\/v2\/product_brand?post=27244"},{"taxonomy":"product_cat","embeddable":true,"href":"https:\/\/stampcurio.com\/hu\/wp-json\/wp\/v2\/product_cat?post=27244"},{"taxonomy":"product_tag","embeddable":true,"href":"https:\/\/stampcurio.com\/hu\/wp-json\/wp\/v2\/product_tag?post=27244"}],"curies":[{"name":"wp","href":"https:\/\/api.w.org\/{rel}","templated":true}]}}