{"id":27240,"date":"2025-11-24T16:28:16","date_gmt":"2025-11-24T15:28:16","guid":{"rendered":"https:\/\/stampcurio.com\/product\/szovjetunio-leninaria-azonositatlan-lenin-belyeg-kozepresze\/"},"modified":"2026-01-07T14:07:36","modified_gmt":"2026-01-07T13:07:36","slug":"cca-1950-szovjetunio-leninaria-azonositatlan-lenin-belyeg-kozepresze-femlemezen","status":"publish","type":"product","link":"https:\/\/stampcurio.com\/hu\/termek\/cca-1950-szovjetunio-leninaria-azonositatlan-lenin-belyeg-kozepresze-femlemezen\/","title":{"rendered":"cca 1950 Szovjetuni\u00f3 &#8211; Lenin\u00e1ria \u2013 Azonos\u00edtatlan Lenin b\u00e9lyeg k\u00f6z\u00e9pr\u00e9sze f\u00e9mlemezen"},"content":{"rendered":"","protected":false},"excerpt":{"rendered":"<p>Se az \u00e9vsz\u00e1m se az orsz\u00e1g nem biztos&#8230; A tizes cs\u00edk, mely egy lenin b\u00e9lyeg k\u00f6z\u00e9pr\u00e9sze valamilyen f\u00e9m lemezre van nyomva.<\/p>\n","protected":false},"featured_media":28791,"template":"","meta":[],"product_brand":[],"product_cat":[1239],"product_tag":[1669,116,390],"class_list":{"0":"post-27240","1":"product","2":"type-product","3":"status-publish","4":"has-post-thumbnail","6":"product_cat-szovjetunio","7":"product_tag-3rd-auction","8":"product_tag-belyeg","9":"product_tag-probanyomat","11":"first","12":"outofstock","13":"sold-individually","14":"shipping-taxable","15":"purchasable","16":"product-type-simple"},"_links":{"self":[{"href":"https:\/\/stampcurio.com\/hu\/wp-json\/wp\/v2\/product\/27240","targetHints":{"allow":["GET"]}}],"collection":[{"href":"https:\/\/stampcurio.com\/hu\/wp-json\/wp\/v2\/product"}],"about":[{"href":"https:\/\/stampcurio.com\/hu\/wp-json\/wp\/v2\/types\/product"}],"wp:featuredmedia":[{"embeddable":true,"href":"https:\/\/stampcurio.com\/hu\/wp-json\/wp\/v2\/media\/28791"}],"wp:attachment":[{"href":"https:\/\/stampcurio.com\/hu\/wp-json\/wp\/v2\/media?parent=27240"}],"wp:term":[{"taxonomy":"product_brand","embeddable":true,"href":"https:\/\/stampcurio.com\/hu\/wp-json\/wp\/v2\/product_brand?post=27240"},{"taxonomy":"product_cat","embeddable":true,"href":"https:\/\/stampcurio.com\/hu\/wp-json\/wp\/v2\/product_cat?post=27240"},{"taxonomy":"product_tag","embeddable":true,"href":"https:\/\/stampcurio.com\/hu\/wp-json\/wp\/v2\/product_tag?post=27240"}],"curies":[{"name":"wp","href":"https:\/\/api.w.org\/{rel}","templated":true}]}}