{"id":27239,"date":"2025-11-24T16:28:16","date_gmt":"2025-11-24T15:28:16","guid":{"rendered":"https:\/\/stampcurio.com\/product\/1983-magyarorszag-200-eves-a-ballonrepules-sorozate-redeti-tusrajzai-dudas-laszlo-tervezotol-kiegeszitve-szignalt-belyegtervvel-es-nyomdai-fotoval-osszesen-7-darab\/"},"modified":"2025-12-05T04:03:20","modified_gmt":"2025-12-05T03:03:20","slug":"1983-magyarorszag-200-eves-a-ballonrepules-sorozat-eredeti-tusrajzai-dudas-laszlo-tervezotol-kiegeszitve-szignalt-belyegtervvel-es-nyomdai-fotoval-osszesen-7-oldalon","status":"publish","type":"product","link":"https:\/\/stampcurio.com\/hu\/termek\/1983-magyarorszag-200-eves-a-ballonrepules-sorozat-eredeti-tusrajzai-dudas-laszlo-tervezotol-kiegeszitve-szignalt-belyegtervvel-es-nyomdai-fotoval-osszesen-7-oldalon\/","title":{"rendered":"1983 Magyarorsz\u00e1g &#8211; 200 \u00e9ves a ballonrep\u00fcl\u00e9s sorozat eredeti tusrajzai Dud\u00e1s L\u00e1szl\u00f3 tervez\u0151t\u0151l, kieg\u00e9sz\u00edtve szign\u00e1lt b\u00e9lyegtervvel \u00e9s nyomdai fot\u00f3val &#8211; \u00f6sszesen 7 oldalon"},"content":{"rendered":"","protected":false},"excerpt":{"rendered":"","protected":false},"featured_media":28795,"template":"","meta":[],"product_brand":[],"product_cat":[1172],"product_tag":[1669,116,1377],"class_list":{"0":"post-27239","1":"product","2":"type-product","3":"status-publish","4":"has-post-thumbnail","6":"product_cat-magyarorszag","7":"product_tag-3rd-auction","8":"product_tag-belyeg","9":"product_tag-belyegterv","11":"first","12":"outofstock","13":"sold-individually","14":"shipping-taxable","15":"purchasable","16":"product-type-simple"},"_links":{"self":[{"href":"https:\/\/stampcurio.com\/hu\/wp-json\/wp\/v2\/product\/27239","targetHints":{"allow":["GET"]}}],"collection":[{"href":"https:\/\/stampcurio.com\/hu\/wp-json\/wp\/v2\/product"}],"about":[{"href":"https:\/\/stampcurio.com\/hu\/wp-json\/wp\/v2\/types\/product"}],"wp:featuredmedia":[{"embeddable":true,"href":"https:\/\/stampcurio.com\/hu\/wp-json\/wp\/v2\/media\/28795"}],"wp:attachment":[{"href":"https:\/\/stampcurio.com\/hu\/wp-json\/wp\/v2\/media?parent=27239"}],"wp:term":[{"taxonomy":"product_brand","embeddable":true,"href":"https:\/\/stampcurio.com\/hu\/wp-json\/wp\/v2\/product_brand?post=27239"},{"taxonomy":"product_cat","embeddable":true,"href":"https:\/\/stampcurio.com\/hu\/wp-json\/wp\/v2\/product_cat?post=27239"},{"taxonomy":"product_tag","embeddable":true,"href":"https:\/\/stampcurio.com\/hu\/wp-json\/wp\/v2\/product_tag?post=27239"}],"curies":[{"name":"wp","href":"https:\/\/api.w.org\/{rel}","templated":true}]}}