{"id":27238,"date":"2025-11-24T16:28:16","date_gmt":"2025-11-24T15:28:16","guid":{"rendered":"https:\/\/stampcurio.com\/product\/1825-ausztria-tertivevenyes-felportos-level\/"},"modified":"2026-01-07T14:10:28","modified_gmt":"2026-01-07T13:10:28","slug":"1825-ausztria-tertivevenyes-felportos-level-ritkan-lathato-p18-porto-jelzessel-hermanstadt-belyegzessel-a-teljes-viteldij-36-kr-volt","status":"publish","type":"product","link":"https:\/\/stampcurio.com\/hu\/termek\/1825-ausztria-tertivevenyes-felportos-level-ritkan-lathato-p18-porto-jelzessel-hermanstadt-belyegzessel-a-teljes-viteldij-36-kr-volt\/","title":{"rendered":"1825 Ausztria &#8211; T\u00e9rtivev\u00e9nyes f\u00e9lport\u00f3s lev\u00e9l ritk\u00e1n l\u00e1that\u00f3 P18 port\u00f3 jelz\u00e9ssel HERMANSTADT b\u00e9lyegz\u00e9ssel &#8211; a teljes viteld\u00edj 36 kr volt"},"content":{"rendered":"","protected":false},"excerpt":{"rendered":"","protected":false},"featured_media":28811,"template":"","meta":[],"product_brand":[],"product_cat":[1178,1172,1208],"product_tag":[1669,108,89,1305],"class_list":{"0":"post-27238","1":"product","2":"type-product","3":"status-publish","4":"has-post-thumbnail","6":"product_cat-ausztria","7":"product_cat-magyarorszag","8":"product_cat-romania","9":"product_tag-3rd-auction","10":"product_tag-porto","11":"product_tag-postatortenet","12":"product_tag-vorphila","14":"first","15":"outofstock","16":"sold-individually","17":"shipping-taxable","18":"purchasable","19":"product-type-simple"},"_links":{"self":[{"href":"https:\/\/stampcurio.com\/hu\/wp-json\/wp\/v2\/product\/27238","targetHints":{"allow":["GET"]}}],"collection":[{"href":"https:\/\/stampcurio.com\/hu\/wp-json\/wp\/v2\/product"}],"about":[{"href":"https:\/\/stampcurio.com\/hu\/wp-json\/wp\/v2\/types\/product"}],"wp:featuredmedia":[{"embeddable":true,"href":"https:\/\/stampcurio.com\/hu\/wp-json\/wp\/v2\/media\/28811"}],"wp:attachment":[{"href":"https:\/\/stampcurio.com\/hu\/wp-json\/wp\/v2\/media?parent=27238"}],"wp:term":[{"taxonomy":"product_brand","embeddable":true,"href":"https:\/\/stampcurio.com\/hu\/wp-json\/wp\/v2\/product_brand?post=27238"},{"taxonomy":"product_cat","embeddable":true,"href":"https:\/\/stampcurio.com\/hu\/wp-json\/wp\/v2\/product_cat?post=27238"},{"taxonomy":"product_tag","embeddable":true,"href":"https:\/\/stampcurio.com\/hu\/wp-json\/wp\/v2\/product_tag?post=27238"}],"curies":[{"name":"wp","href":"https:\/\/api.w.org\/{rel}","templated":true}]}}