{"id":27236,"date":"2025-11-24T16:28:15","date_gmt":"2025-11-24T15:28:15","guid":{"rendered":"https:\/\/stampcurio.com\/product\/1949-magyarorszag-anyakonyvi-kivonat-miskolci-insegbelyegekkel-a-6-ft-dij-megfizetese-60-pengo-insegbelyeggel-jelolve\/"},"modified":"2025-12-05T04:03:21","modified_gmt":"2025-12-05T03:03:21","slug":"1949-magyarorszag-anyakonyvi-kivonat-miskolci-insegbelyegekkel-a-6-ft-dij-megfizetese-60-pengo-insegbelyeggel-jelolve-a-60-pengos-belyegen-tevnyomatos-felirattal-nsegbelyeg","status":"publish","type":"product","link":"https:\/\/stampcurio.com\/hu\/termek\/1949-magyarorszag-anyakonyvi-kivonat-miskolci-insegbelyegekkel-a-6-ft-dij-megfizetese-60-pengo-insegbelyeggel-jelolve-a-60-pengos-belyegen-tevnyomatos-felirattal-nsegbelyeg\/","title":{"rendered":"1949 Magyarorsz\u00e1g &#8211; anyak\u00f6nyvi kivonat miskolci \u00edns\u00e9gb\u00e9lyegekkel &#8211; a 6 Ft d\u00edj megfizet\u00e9se 60 peng\u0151 (!) \u00edns\u00e9gb\u00e9lyeggel jel\u00f6lve &#8211; A 60 peng\u0151s b\u00e9lyegen t\u00e9vnyomatos felirattal: &#8220;!NS\u00c9GB\u00c9LYEG&#8221;"},"content":{"rendered":"","protected":false},"excerpt":{"rendered":"","protected":false},"featured_media":28819,"template":"","meta":[],"product_brand":[],"product_cat":[1172],"product_tag":[1669,282,256,217,172],"class_list":{"0":"post-27236","1":"product","2":"type-product","3":"status-publish","4":"has-post-thumbnail","6":"product_cat-magyarorszag","7":"product_tag-3rd-auction","8":"product_tag-okmanybelyeg","9":"product_tag-provizorium","10":"product_tag-tevnyomat","11":"product_tag-vegyes-bermentesites","13":"first","14":"outofstock","15":"sold-individually","16":"shipping-taxable","17":"purchasable","18":"product-type-simple"},"_links":{"self":[{"href":"https:\/\/stampcurio.com\/hu\/wp-json\/wp\/v2\/product\/27236","targetHints":{"allow":["GET"]}}],"collection":[{"href":"https:\/\/stampcurio.com\/hu\/wp-json\/wp\/v2\/product"}],"about":[{"href":"https:\/\/stampcurio.com\/hu\/wp-json\/wp\/v2\/types\/product"}],"wp:featuredmedia":[{"embeddable":true,"href":"https:\/\/stampcurio.com\/hu\/wp-json\/wp\/v2\/media\/28819"}],"wp:attachment":[{"href":"https:\/\/stampcurio.com\/hu\/wp-json\/wp\/v2\/media?parent=27236"}],"wp:term":[{"taxonomy":"product_brand","embeddable":true,"href":"https:\/\/stampcurio.com\/hu\/wp-json\/wp\/v2\/product_brand?post=27236"},{"taxonomy":"product_cat","embeddable":true,"href":"https:\/\/stampcurio.com\/hu\/wp-json\/wp\/v2\/product_cat?post=27236"},{"taxonomy":"product_tag","embeddable":true,"href":"https:\/\/stampcurio.com\/hu\/wp-json\/wp\/v2\/product_tag?post=27236"}],"curies":[{"name":"wp","href":"https:\/\/api.w.org\/{rel}","templated":true}]}}