{"id":27235,"date":"2025-11-24T16:28:15","date_gmt":"2025-11-24T15:28:15","guid":{"rendered":"https:\/\/stampcurio.com\/product\/1946-indonezia-javai-forradalmi-kiadas-republic-indonesia-felulnyomasu-levelezolap-koznapi-futtatasban-ritka\/"},"modified":"2026-01-07T11:27:40","modified_gmt":"2026-01-07T10:27:40","slug":"1946-indonezia-javai-forradalmi-kiadas-republic-indonesia-felulnyomasu-dijjegyes-levelezolap-koznapi-felhasznalasban","status":"publish","type":"product","link":"https:\/\/stampcurio.com\/hu\/termek\/1946-indonezia-javai-forradalmi-kiadas-republic-indonesia-felulnyomasu-dijjegyes-levelezolap-koznapi-felhasznalasban\/","title":{"rendered":"1946 Indon\u00e9zia &#8211; J\u00e1vai Forradalmi Kiad\u00e1s \u2013 Republic Indonesia fel\u00fclnyom\u00e1s\u00fa d\u00edjjegyes levelez\u0151lap, k\u00f6znapi felhaszn\u00e1l\u00e1sban"},"content":{"rendered":"","protected":false},"excerpt":{"rendered":"<p>Viseltes \u00e1llapotban.<\/p>\n<p>&nbsp;<\/p>\n","protected":false},"featured_media":28831,"template":"","meta":[],"product_brand":[],"product_cat":[1682],"product_tag":[1669,74,89],"class_list":{"0":"post-27235","1":"product","2":"type-product","3":"status-publish","4":"has-post-thumbnail","6":"product_cat-indonezia","7":"product_tag-3rd-auction","8":"product_tag-dijjegyes","9":"product_tag-postatortenet","11":"first","12":"outofstock","13":"sold-individually","14":"shipping-taxable","15":"purchasable","16":"product-type-simple"},"_links":{"self":[{"href":"https:\/\/stampcurio.com\/hu\/wp-json\/wp\/v2\/product\/27235","targetHints":{"allow":["GET"]}}],"collection":[{"href":"https:\/\/stampcurio.com\/hu\/wp-json\/wp\/v2\/product"}],"about":[{"href":"https:\/\/stampcurio.com\/hu\/wp-json\/wp\/v2\/types\/product"}],"wp:featuredmedia":[{"embeddable":true,"href":"https:\/\/stampcurio.com\/hu\/wp-json\/wp\/v2\/media\/28831"}],"wp:attachment":[{"href":"https:\/\/stampcurio.com\/hu\/wp-json\/wp\/v2\/media?parent=27235"}],"wp:term":[{"taxonomy":"product_brand","embeddable":true,"href":"https:\/\/stampcurio.com\/hu\/wp-json\/wp\/v2\/product_brand?post=27235"},{"taxonomy":"product_cat","embeddable":true,"href":"https:\/\/stampcurio.com\/hu\/wp-json\/wp\/v2\/product_cat?post=27235"},{"taxonomy":"product_tag","embeddable":true,"href":"https:\/\/stampcurio.com\/hu\/wp-json\/wp\/v2\/product_tag?post=27235"}],"curies":[{"name":"wp","href":"https:\/\/api.w.org\/{rel}","templated":true}]}}