{"id":27234,"date":"2025-11-24T16:28:14","date_gmt":"2025-11-24T15:28:14","guid":{"rendered":"https:\/\/stampcurio.com\/product\/1878-magyarorszag-horvat-magyar-nyelvu-hasznalatlan-marhalevel-hodobay-50-eur\/"},"modified":"2026-01-05T15:14:16","modified_gmt":"2026-01-05T14:14:16","slug":"1878-magyarorszag-horvat-magyar-nyelvu-hasznalatlan-marhalevel-hodobay-50-eur","status":"publish","type":"product","link":"https:\/\/stampcurio.com\/hu\/termek\/1878-magyarorszag-horvat-magyar-nyelvu-hasznalatlan-marhalevel-hodobay-50-eur\/","title":{"rendered":"1878 Magyarorsz\u00e1g &#8211; Horv\u00e1t-magyar nyelv\u0171 haszn\u00e1latlan marhalev\u00e9l | Hodobay: 50 EUR"},"content":{"rendered":"","protected":false},"excerpt":{"rendered":"","protected":false},"featured_media":28825,"template":"","meta":[],"product_brand":[],"product_cat":[1192,1172],"product_tag":[1669,282,1006],"class_list":{"0":"post-27234","1":"product","2":"type-product","3":"status-publish","4":"has-post-thumbnail","6":"product_cat-horvatorszag","7":"product_cat-magyarorszag","8":"product_tag-3rd-auction","9":"product_tag-okmanybelyeg","10":"product_tag-unsold","12":"first","13":"instock","14":"sold-individually","15":"shipping-taxable","16":"purchasable","17":"product-type-simple"},"_links":{"self":[{"href":"https:\/\/stampcurio.com\/hu\/wp-json\/wp\/v2\/product\/27234","targetHints":{"allow":["GET"]}}],"collection":[{"href":"https:\/\/stampcurio.com\/hu\/wp-json\/wp\/v2\/product"}],"about":[{"href":"https:\/\/stampcurio.com\/hu\/wp-json\/wp\/v2\/types\/product"}],"wp:featuredmedia":[{"embeddable":true,"href":"https:\/\/stampcurio.com\/hu\/wp-json\/wp\/v2\/media\/28825"}],"wp:attachment":[{"href":"https:\/\/stampcurio.com\/hu\/wp-json\/wp\/v2\/media?parent=27234"}],"wp:term":[{"taxonomy":"product_brand","embeddable":true,"href":"https:\/\/stampcurio.com\/hu\/wp-json\/wp\/v2\/product_brand?post=27234"},{"taxonomy":"product_cat","embeddable":true,"href":"https:\/\/stampcurio.com\/hu\/wp-json\/wp\/v2\/product_cat?post=27234"},{"taxonomy":"product_tag","embeddable":true,"href":"https:\/\/stampcurio.com\/hu\/wp-json\/wp\/v2\/product_tag?post=27234"}],"curies":[{"name":"wp","href":"https:\/\/api.w.org\/{rel}","templated":true}]}}