{"id":27232,"date":"2025-11-24T16:28:13","date_gmt":"2025-11-24T15:28:13","guid":{"rendered":"https:\/\/stampcurio.com\/product\/1937-magyarorszag-ajanlott-uzleti-papir-berlinbe-kuldve-rendkivul-ritka-kuldemenyfajta\/"},"modified":"2026-01-05T15:14:16","modified_gmt":"2026-01-05T14:14:16","slug":"1937-magyarorszag-ajanlott-uzleti-papir-berlinbe-kuldve-rendkivul-ritka-kuldemenyfajta","status":"publish","type":"product","link":"https:\/\/stampcurio.com\/hu\/termek\/1937-magyarorszag-ajanlott-uzleti-papir-berlinbe-kuldve-rendkivul-ritka-kuldemenyfajta\/","title":{"rendered":"1937 Magyarorsz\u00e1g &#8211; aj\u00e1nlott \u00fczleti pap\u00edr Berlinbe k\u00fcldve, rendk\u00edv\u00fcl ritka k\u00fcldem\u00e9nyfajta"},"content":{"rendered":"","protected":false},"excerpt":{"rendered":"","protected":false},"featured_media":28827,"template":"","meta":[],"product_brand":[],"product_cat":[1172],"product_tag":[1669,89,1006],"class_list":{"0":"post-27232","1":"product","2":"type-product","3":"status-publish","4":"has-post-thumbnail","6":"product_cat-magyarorszag","7":"product_tag-3rd-auction","8":"product_tag-postatortenet","9":"product_tag-unsold","11":"first","12":"instock","13":"sold-individually","14":"shipping-taxable","15":"purchasable","16":"product-type-simple"},"_links":{"self":[{"href":"https:\/\/stampcurio.com\/hu\/wp-json\/wp\/v2\/product\/27232","targetHints":{"allow":["GET"]}}],"collection":[{"href":"https:\/\/stampcurio.com\/hu\/wp-json\/wp\/v2\/product"}],"about":[{"href":"https:\/\/stampcurio.com\/hu\/wp-json\/wp\/v2\/types\/product"}],"wp:featuredmedia":[{"embeddable":true,"href":"https:\/\/stampcurio.com\/hu\/wp-json\/wp\/v2\/media\/28827"}],"wp:attachment":[{"href":"https:\/\/stampcurio.com\/hu\/wp-json\/wp\/v2\/media?parent=27232"}],"wp:term":[{"taxonomy":"product_brand","embeddable":true,"href":"https:\/\/stampcurio.com\/hu\/wp-json\/wp\/v2\/product_brand?post=27232"},{"taxonomy":"product_cat","embeddable":true,"href":"https:\/\/stampcurio.com\/hu\/wp-json\/wp\/v2\/product_cat?post=27232"},{"taxonomy":"product_tag","embeddable":true,"href":"https:\/\/stampcurio.com\/hu\/wp-json\/wp\/v2\/product_tag?post=27232"}],"curies":[{"name":"wp","href":"https:\/\/api.w.org\/{rel}","templated":true}]}}