{"id":27231,"date":"2025-11-24T16:28:13","date_gmt":"2025-11-24T15:28:13","guid":{"rendered":"https:\/\/stampcurio.com\/product\/1947-magyarorszag-legiposta-pecsetelt-5-filler-szep-kettos-papirranccal\/"},"modified":"2026-01-05T15:14:16","modified_gmt":"2026-01-05T14:14:16","slug":"1947-magyarorszag-repulo-v-pecsetelt-5-forint-szep-kettos-papirranccal","status":"publish","type":"product","link":"https:\/\/stampcurio.com\/hu\/termek\/1947-magyarorszag-repulo-v-pecsetelt-5-forint-szep-kettos-papirranccal\/","title":{"rendered":"1947 Magyarorsz\u00e1g &#8211; Rep\u00fcl\u0151 V. pecs\u00e9telt 5 forint, sz\u00e9p kett\u0151s pap\u00edrr\u00e1nccal"},"content":{"rendered":"","protected":false},"excerpt":{"rendered":"","protected":false},"featured_media":33289,"template":"","meta":[],"product_brand":[],"product_cat":[1172],"product_tag":[1669,116,115,217,1006],"class_list":{"0":"post-27231","1":"product","2":"type-product","3":"status-publish","4":"has-post-thumbnail","6":"product_cat-magyarorszag","7":"product_tag-3rd-auction","8":"product_tag-belyeg","9":"product_tag-legiposta","10":"product_tag-tevnyomat","11":"product_tag-unsold","13":"first","14":"instock","15":"sold-individually","16":"shipping-taxable","17":"purchasable","18":"product-type-simple"},"_links":{"self":[{"href":"https:\/\/stampcurio.com\/hu\/wp-json\/wp\/v2\/product\/27231","targetHints":{"allow":["GET"]}}],"collection":[{"href":"https:\/\/stampcurio.com\/hu\/wp-json\/wp\/v2\/product"}],"about":[{"href":"https:\/\/stampcurio.com\/hu\/wp-json\/wp\/v2\/types\/product"}],"wp:featuredmedia":[{"embeddable":true,"href":"https:\/\/stampcurio.com\/hu\/wp-json\/wp\/v2\/media\/33289"}],"wp:attachment":[{"href":"https:\/\/stampcurio.com\/hu\/wp-json\/wp\/v2\/media?parent=27231"}],"wp:term":[{"taxonomy":"product_brand","embeddable":true,"href":"https:\/\/stampcurio.com\/hu\/wp-json\/wp\/v2\/product_brand?post=27231"},{"taxonomy":"product_cat","embeddable":true,"href":"https:\/\/stampcurio.com\/hu\/wp-json\/wp\/v2\/product_cat?post=27231"},{"taxonomy":"product_tag","embeddable":true,"href":"https:\/\/stampcurio.com\/hu\/wp-json\/wp\/v2\/product_tag?post=27231"}],"curies":[{"name":"wp","href":"https:\/\/api.w.org\/{rel}","templated":true}]}}