{"id":27230,"date":"2025-11-24T16:28:13","date_gmt":"2025-11-24T15:28:13","guid":{"rendered":"https:\/\/stampcurio.com\/product\/1868-magyarorszag-1-kr-hirlapilletekbelyeg-extrem-tulfestekezes-atlos-hajtasnyom-fiume-belyegzo\/"},"modified":"2025-12-05T04:03:22","modified_gmt":"2025-12-05T03:03:22","slug":"1868-magyarorszag-1-kr-hirlapilletekbelyeg-extrem-tulfestekezessel-fiume-belyegzessel","status":"publish","type":"product","link":"https:\/\/stampcurio.com\/hu\/termek\/1868-magyarorszag-1-kr-hirlapilletekbelyeg-extrem-tulfestekezessel-fiume-belyegzessel\/","title":{"rendered":"1868 Magyarorsz\u00e1g &#8211; 1 kr h\u00edrlapillet\u00e9kb\u00e9lyeg extr\u00e9m t\u00falfest\u00e9kez\u00e9ssel, Fiume b\u00e9lyegz\u00e9ssel"},"content":{"rendered":"","protected":false},"excerpt":{"rendered":"<p>\u00c1tl\u00f3s hajt\u00e1snyommal.<\/p>\n","protected":false},"featured_media":33217,"template":"","meta":[],"product_brand":[],"product_cat":[1275,1192,1172],"product_tag":[1669,116,282,217],"class_list":{"0":"post-27230","1":"product","2":"type-product","3":"status-publish","4":"has-post-thumbnail","6":"product_cat-fiume","7":"product_cat-horvatorszag","8":"product_cat-magyarorszag","9":"product_tag-3rd-auction","10":"product_tag-belyeg","11":"product_tag-okmanybelyeg","12":"product_tag-tevnyomat","14":"first","15":"outofstock","16":"sold-individually","17":"shipping-taxable","18":"purchasable","19":"product-type-simple"},"_links":{"self":[{"href":"https:\/\/stampcurio.com\/hu\/wp-json\/wp\/v2\/product\/27230","targetHints":{"allow":["GET"]}}],"collection":[{"href":"https:\/\/stampcurio.com\/hu\/wp-json\/wp\/v2\/product"}],"about":[{"href":"https:\/\/stampcurio.com\/hu\/wp-json\/wp\/v2\/types\/product"}],"wp:featuredmedia":[{"embeddable":true,"href":"https:\/\/stampcurio.com\/hu\/wp-json\/wp\/v2\/media\/33217"}],"wp:attachment":[{"href":"https:\/\/stampcurio.com\/hu\/wp-json\/wp\/v2\/media?parent=27230"}],"wp:term":[{"taxonomy":"product_brand","embeddable":true,"href":"https:\/\/stampcurio.com\/hu\/wp-json\/wp\/v2\/product_brand?post=27230"},{"taxonomy":"product_cat","embeddable":true,"href":"https:\/\/stampcurio.com\/hu\/wp-json\/wp\/v2\/product_cat?post=27230"},{"taxonomy":"product_tag","embeddable":true,"href":"https:\/\/stampcurio.com\/hu\/wp-json\/wp\/v2\/product_tag?post=27230"}],"curies":[{"name":"wp","href":"https:\/\/api.w.org\/{rel}","templated":true}]}}