{"id":27229,"date":"2025-11-24T16:28:12","date_gmt":"2025-11-24T15:28:12","guid":{"rendered":"https:\/\/stampcurio.com\/product\/1888-magyarorszag-1-kr-postatiszta-hirlapilletekbelyeg-intenziv-gepszinatnyomattal\/"},"modified":"2025-12-05T04:03:23","modified_gmt":"2025-12-05T03:03:23","slug":"1888-magyarorszag-1-kr-postatiszta-hirlapilletekbelyeg-intenziv-gepszinatnyomattal","status":"publish","type":"product","link":"https:\/\/stampcurio.com\/hu\/termek\/1888-magyarorszag-1-kr-postatiszta-hirlapilletekbelyeg-intenziv-gepszinatnyomattal\/","title":{"rendered":"1888 Magyarorsz\u00e1g &#8211; 1 kr postatiszta ** h\u00edrlapillet\u00e9kb\u00e9lyeg intenz\u00edv g\u00e9psz\u00edn\u00e1tnyomattal"},"content":{"rendered":"","protected":false},"excerpt":{"rendered":"<p>Alul a b\u00e9lyegk\u00e9p alatt szolid hajt\u00e1snyom.<\/p>\n","protected":false},"featured_media":33643,"template":"","meta":[],"product_brand":[],"product_cat":[1172],"product_tag":[1669,116,282,217],"class_list":{"0":"post-27229","1":"product","2":"type-product","3":"status-publish","4":"has-post-thumbnail","6":"product_cat-magyarorszag","7":"product_tag-3rd-auction","8":"product_tag-belyeg","9":"product_tag-okmanybelyeg","10":"product_tag-tevnyomat","12":"first","13":"outofstock","14":"sold-individually","15":"shipping-taxable","16":"purchasable","17":"product-type-simple"},"_links":{"self":[{"href":"https:\/\/stampcurio.com\/hu\/wp-json\/wp\/v2\/product\/27229","targetHints":{"allow":["GET"]}}],"collection":[{"href":"https:\/\/stampcurio.com\/hu\/wp-json\/wp\/v2\/product"}],"about":[{"href":"https:\/\/stampcurio.com\/hu\/wp-json\/wp\/v2\/types\/product"}],"wp:featuredmedia":[{"embeddable":true,"href":"https:\/\/stampcurio.com\/hu\/wp-json\/wp\/v2\/media\/33643"}],"wp:attachment":[{"href":"https:\/\/stampcurio.com\/hu\/wp-json\/wp\/v2\/media?parent=27229"}],"wp:term":[{"taxonomy":"product_brand","embeddable":true,"href":"https:\/\/stampcurio.com\/hu\/wp-json\/wp\/v2\/product_brand?post=27229"},{"taxonomy":"product_cat","embeddable":true,"href":"https:\/\/stampcurio.com\/hu\/wp-json\/wp\/v2\/product_cat?post=27229"},{"taxonomy":"product_tag","embeddable":true,"href":"https:\/\/stampcurio.com\/hu\/wp-json\/wp\/v2\/product_tag?post=27229"}],"curies":[{"name":"wp","href":"https:\/\/api.w.org\/{rel}","templated":true}]}}