{"id":27227,"date":"2025-11-24T16:28:12","date_gmt":"2025-11-24T15:28:12","guid":{"rendered":"https:\/\/stampcurio.com\/product\/1868-magyarorszag-1-kr-hirlapilletekbelyeg-par-luxus-mk-postahivatal-predeal-belyegzessel\/"},"modified":"2025-12-05T04:03:23","modified_gmt":"2025-12-05T03:03:23","slug":"1868-magyarorszag-1-kr-hirlapilletekbelyeg-par-luxus-m-k-postahivatal-predeal-a-belyegzessel","status":"publish","type":"product","link":"https:\/\/stampcurio.com\/hu\/termek\/1868-magyarorszag-1-kr-hirlapilletekbelyeg-par-luxus-m-k-postahivatal-predeal-a-belyegzessel\/","title":{"rendered":"1868 Magyarorsz\u00e1g &#8211; 1 kr h\u00edrlapillet\u00e9kb\u00e9lyeg p\u00e1r, luxus M.K.POSTAHIVATAL \/ PREDEAL A. b\u00e9lyegz\u00e9ssel"},"content":{"rendered":"","protected":false},"excerpt":{"rendered":"","protected":false},"featured_media":33225,"template":"","meta":[],"product_brand":[],"product_cat":[1172,1208],"product_tag":[1669,116,127,1041,282],"class_list":{"0":"post-27227","1":"product","2":"type-product","3":"status-publish","4":"has-post-thumbnail","6":"product_cat-magyarorszag","7":"product_cat-romania","8":"product_tag-3rd-auction","9":"product_tag-belyeg","10":"product_tag-konzulatusi-posta","11":"product_tag-marcophily-hu","12":"product_tag-okmanybelyeg","14":"first","15":"outofstock","16":"sold-individually","17":"shipping-taxable","18":"purchasable","19":"product-type-simple"},"_links":{"self":[{"href":"https:\/\/stampcurio.com\/hu\/wp-json\/wp\/v2\/product\/27227","targetHints":{"allow":["GET"]}}],"collection":[{"href":"https:\/\/stampcurio.com\/hu\/wp-json\/wp\/v2\/product"}],"about":[{"href":"https:\/\/stampcurio.com\/hu\/wp-json\/wp\/v2\/types\/product"}],"wp:featuredmedia":[{"embeddable":true,"href":"https:\/\/stampcurio.com\/hu\/wp-json\/wp\/v2\/media\/33225"}],"wp:attachment":[{"href":"https:\/\/stampcurio.com\/hu\/wp-json\/wp\/v2\/media?parent=27227"}],"wp:term":[{"taxonomy":"product_brand","embeddable":true,"href":"https:\/\/stampcurio.com\/hu\/wp-json\/wp\/v2\/product_brand?post=27227"},{"taxonomy":"product_cat","embeddable":true,"href":"https:\/\/stampcurio.com\/hu\/wp-json\/wp\/v2\/product_cat?post=27227"},{"taxonomy":"product_tag","embeddable":true,"href":"https:\/\/stampcurio.com\/hu\/wp-json\/wp\/v2\/product_tag?post=27227"}],"curies":[{"name":"wp","href":"https:\/\/api.w.org\/{rel}","templated":true}]}}