{"id":27225,"date":"2025-11-24T16:28:11","date_gmt":"2025-11-24T15:28:11","guid":{"rendered":"https:\/\/stampcurio.com\/product\/1955-eszak-korea-ket-dijjegyes-kepeslap-a-the-10th-anniversary-of-liberation-from-japan-belyegevel\/"},"modified":"2025-12-05T04:03:23","modified_gmt":"2025-12-05T03:03:23","slug":"1955-eszak-korea-ket-hasznalatlan-dijjegyes-kepeslap-a-the-10th-anniversary-of-liberation-from-japan-benyomott-belyeggel","status":"publish","type":"product","link":"https:\/\/stampcurio.com\/hu\/termek\/1955-eszak-korea-ket-hasznalatlan-dijjegyes-kepeslap-a-the-10th-anniversary-of-liberation-from-japan-benyomott-belyeggel\/","title":{"rendered":"1955 \u00c9szak-Korea &#8211; K\u00e9t haszn\u00e1latlan d\u00edjjegyes k\u00e9peslap a \u201eThe 10th Anniversary of Liberation from Japan\u201d benyomott b\u00e9lyeggel"},"content":{"rendered":"","protected":false},"excerpt":{"rendered":"<p>Jelent\u00e9ktelen elv\u00e9konyod\u00e1s az als\u00f3 lapon.<\/p>\n","protected":false},"featured_media":28837,"template":"","meta":[],"product_brand":[],"product_cat":[1225],"product_tag":[1669,74],"class_list":{"0":"post-27225","1":"product","2":"type-product","3":"status-publish","4":"has-post-thumbnail","6":"product_cat-eszak-korea","7":"product_tag-3rd-auction","8":"product_tag-dijjegyes","10":"first","11":"outofstock","12":"sold-individually","13":"shipping-taxable","14":"purchasable","15":"product-type-simple"},"_links":{"self":[{"href":"https:\/\/stampcurio.com\/hu\/wp-json\/wp\/v2\/product\/27225","targetHints":{"allow":["GET"]}}],"collection":[{"href":"https:\/\/stampcurio.com\/hu\/wp-json\/wp\/v2\/product"}],"about":[{"href":"https:\/\/stampcurio.com\/hu\/wp-json\/wp\/v2\/types\/product"}],"wp:featuredmedia":[{"embeddable":true,"href":"https:\/\/stampcurio.com\/hu\/wp-json\/wp\/v2\/media\/28837"}],"wp:attachment":[{"href":"https:\/\/stampcurio.com\/hu\/wp-json\/wp\/v2\/media?parent=27225"}],"wp:term":[{"taxonomy":"product_brand","embeddable":true,"href":"https:\/\/stampcurio.com\/hu\/wp-json\/wp\/v2\/product_brand?post=27225"},{"taxonomy":"product_cat","embeddable":true,"href":"https:\/\/stampcurio.com\/hu\/wp-json\/wp\/v2\/product_cat?post=27225"},{"taxonomy":"product_tag","embeddable":true,"href":"https:\/\/stampcurio.com\/hu\/wp-json\/wp\/v2\/product_tag?post=27225"}],"curies":[{"name":"wp","href":"https:\/\/api.w.org\/{rel}","templated":true}]}}