{"id":27224,"date":"2025-11-24T16:28:10","date_gmt":"2025-11-24T15:28:10","guid":{"rendered":"https:\/\/stampcurio.com\/product\/1850-ausztria-9-kr-boritek-berlinbe-kuldve-johann-gaspar-professzornak-kuldve\/"},"modified":"2025-12-06T11:52:15","modified_gmt":"2025-12-06T10:52:15","slug":"1850-ausztria-erdely-kolozsvarrol-kulfoldre-poroszorszagba-kuldott-boritek","status":"publish","type":"product","link":"https:\/\/stampcurio.com\/hu\/termek\/1850-ausztria-erdely-kolozsvarrol-kulfoldre-poroszorszagba-kuldott-boritek\/","title":{"rendered":"1850 Ausztria &#8211; Erd\u00e9ly &#8211; Kolozsv\u00e1rr\u00f3l &#8211; KLAUSENBURG k\u00fclf\u00f6ldre, Poroszorsz\u00e1gba k\u00fcld\u00f6tt bor\u00edt\u00e9k"},"content":{"rendered":"","protected":false},"excerpt":{"rendered":"<p>El\u0151oldalon kis horzsol\u00e1snyom a bal als\u00f3 sarokban.<\/p>\n","protected":false},"featured_media":28692,"template":"","meta":[],"product_brand":[],"product_cat":[1178,1172,1208],"product_tag":[1669,89],"class_list":{"0":"post-27224","1":"product","2":"type-product","3":"status-publish","4":"has-post-thumbnail","6":"product_cat-ausztria","7":"product_cat-magyarorszag","8":"product_cat-romania","9":"product_tag-3rd-auction","10":"product_tag-postatortenet","12":"first","13":"outofstock","14":"sold-individually","15":"shipping-taxable","16":"purchasable","17":"product-type-simple"},"_links":{"self":[{"href":"https:\/\/stampcurio.com\/hu\/wp-json\/wp\/v2\/product\/27224","targetHints":{"allow":["GET"]}}],"collection":[{"href":"https:\/\/stampcurio.com\/hu\/wp-json\/wp\/v2\/product"}],"about":[{"href":"https:\/\/stampcurio.com\/hu\/wp-json\/wp\/v2\/types\/product"}],"wp:featuredmedia":[{"embeddable":true,"href":"https:\/\/stampcurio.com\/hu\/wp-json\/wp\/v2\/media\/28692"}],"wp:attachment":[{"href":"https:\/\/stampcurio.com\/hu\/wp-json\/wp\/v2\/media?parent=27224"}],"wp:term":[{"taxonomy":"product_brand","embeddable":true,"href":"https:\/\/stampcurio.com\/hu\/wp-json\/wp\/v2\/product_brand?post=27224"},{"taxonomy":"product_cat","embeddable":true,"href":"https:\/\/stampcurio.com\/hu\/wp-json\/wp\/v2\/product_cat?post=27224"},{"taxonomy":"product_tag","embeddable":true,"href":"https:\/\/stampcurio.com\/hu\/wp-json\/wp\/v2\/product_tag?post=27224"}],"curies":[{"name":"wp","href":"https:\/\/api.w.org\/{rel}","templated":true}]}}