{"id":27223,"date":"2025-11-24T16:28:10","date_gmt":"2025-11-24T15:28:10","guid":{"rendered":"https:\/\/stampcurio.com\/product\/1920-magyarorszag-belyegterv-belyegmeretu-nyomdai-foto-belyegpalyazat-pecset-jeligere-manya-zoltan-terve\/"},"modified":"2025-12-05T04:03:24","modified_gmt":"2025-12-05T03:03:24","slug":"cca-1920-magyarorszag-5-koronas-belyeg-terve-pocset-jeligere-belyegmeretu-nyomdai-foto-konya-zoltan-grafikusmuvesz-terve","status":"publish","type":"product","link":"https:\/\/stampcurio.com\/hu\/termek\/cca-1920-magyarorszag-5-koronas-belyeg-terve-pocset-jeligere-belyegmeretu-nyomdai-foto-konya-zoltan-grafikusmuvesz-terve\/","title":{"rendered":"cca. 1920 Magyarorsz\u00e1g &#8211; 5 Koron\u00e1s b\u00e9lyeg terve \u201ep\u00f6cs\u00e9t\u201d jelig\u00e9re. + b\u00e9lyegm\u00e9ret\u0171 nyomdai fot\u00f3  &#8211; K\u00f3nya Zolt\u00e1n grafikusm\u0171v\u00e9sz terve"},"content":{"rendered":"","protected":false},"excerpt":{"rendered":"","protected":false},"featured_media":28735,"template":"","meta":[],"product_brand":[],"product_cat":[1172],"product_tag":[1669,116,1377,282],"class_list":{"0":"post-27223","1":"product","2":"type-product","3":"status-publish","4":"has-post-thumbnail","6":"product_cat-magyarorszag","7":"product_tag-3rd-auction","8":"product_tag-belyeg","9":"product_tag-belyegterv","10":"product_tag-okmanybelyeg","12":"first","13":"outofstock","14":"sold-individually","15":"shipping-taxable","16":"purchasable","17":"product-type-simple"},"_links":{"self":[{"href":"https:\/\/stampcurio.com\/hu\/wp-json\/wp\/v2\/product\/27223","targetHints":{"allow":["GET"]}}],"collection":[{"href":"https:\/\/stampcurio.com\/hu\/wp-json\/wp\/v2\/product"}],"about":[{"href":"https:\/\/stampcurio.com\/hu\/wp-json\/wp\/v2\/types\/product"}],"wp:featuredmedia":[{"embeddable":true,"href":"https:\/\/stampcurio.com\/hu\/wp-json\/wp\/v2\/media\/28735"}],"wp:attachment":[{"href":"https:\/\/stampcurio.com\/hu\/wp-json\/wp\/v2\/media?parent=27223"}],"wp:term":[{"taxonomy":"product_brand","embeddable":true,"href":"https:\/\/stampcurio.com\/hu\/wp-json\/wp\/v2\/product_brand?post=27223"},{"taxonomy":"product_cat","embeddable":true,"href":"https:\/\/stampcurio.com\/hu\/wp-json\/wp\/v2\/product_cat?post=27223"},{"taxonomy":"product_tag","embeddable":true,"href":"https:\/\/stampcurio.com\/hu\/wp-json\/wp\/v2\/product_tag?post=27223"}],"curies":[{"name":"wp","href":"https:\/\/api.w.org\/{rel}","templated":true}]}}