{"id":27221,"date":"2025-11-24T16:28:09","date_gmt":"2025-11-24T15:28:09","guid":{"rendered":"https:\/\/stampcurio.com\/product\/1938-39-magyarorszag-ket-legiposta-level-argentinaba-370-pengo-bermentesitessel-hazateres-szent-istvan-70-filler-dijkiegeszitesekkel-jopofa-paros\/"},"modified":"2025-12-05T04:03:25","modified_gmt":"2025-12-05T03:03:25","slug":"1938-39-magyarorszag-ket-legiposta-level-argentinaba-370-pengo-bermentesitessel-hazateres-szent-istvan-70-filler-dijkiegeszitesekkel-latvanyos-paros","status":"publish","type":"product","link":"https:\/\/stampcurio.com\/hu\/termek\/1938-39-magyarorszag-ket-legiposta-level-argentinaba-370-pengo-bermentesitessel-hazateres-szent-istvan-70-filler-dijkiegeszitesekkel-latvanyos-paros\/","title":{"rendered":"1938-39 Magyarorsz\u00e1g &#8211; k\u00e9t l\u00e9giposta lev\u00e9l Argent\u00edn\u00e1ba 3,70 peng\u0151 b\u00e9rmentes\u00edt\u00e9ssel \u2013 Hazat\u00e9r\u00e9s + Szent Istv\u00e1n 70 fill\u00e9r d\u00edjkieg\u00e9sz\u00edt\u00e9sekkel \u2013 l\u00e1tv\u00e1nyos p\u00e1ros"},"content":{"rendered":"","protected":false},"excerpt":{"rendered":"","protected":false},"featured_media":28847,"template":"","meta":[],"product_brand":[],"product_cat":[1229,1172],"product_tag":[1669,116,115,89],"class_list":{"0":"post-27221","1":"product","2":"type-product","3":"status-publish","4":"has-post-thumbnail","6":"product_cat-argentina","7":"product_cat-magyarorszag","8":"product_tag-3rd-auction","9":"product_tag-belyeg","10":"product_tag-legiposta","11":"product_tag-postatortenet","13":"first","14":"outofstock","15":"sold-individually","16":"shipping-taxable","17":"purchasable","18":"product-type-simple"},"_links":{"self":[{"href":"https:\/\/stampcurio.com\/hu\/wp-json\/wp\/v2\/product\/27221","targetHints":{"allow":["GET"]}}],"collection":[{"href":"https:\/\/stampcurio.com\/hu\/wp-json\/wp\/v2\/product"}],"about":[{"href":"https:\/\/stampcurio.com\/hu\/wp-json\/wp\/v2\/types\/product"}],"wp:featuredmedia":[{"embeddable":true,"href":"https:\/\/stampcurio.com\/hu\/wp-json\/wp\/v2\/media\/28847"}],"wp:attachment":[{"href":"https:\/\/stampcurio.com\/hu\/wp-json\/wp\/v2\/media?parent=27221"}],"wp:term":[{"taxonomy":"product_brand","embeddable":true,"href":"https:\/\/stampcurio.com\/hu\/wp-json\/wp\/v2\/product_brand?post=27221"},{"taxonomy":"product_cat","embeddable":true,"href":"https:\/\/stampcurio.com\/hu\/wp-json\/wp\/v2\/product_cat?post=27221"},{"taxonomy":"product_tag","embeddable":true,"href":"https:\/\/stampcurio.com\/hu\/wp-json\/wp\/v2\/product_tag?post=27221"}],"curies":[{"name":"wp","href":"https:\/\/api.w.org\/{rel}","templated":true}]}}