{"id":27220,"date":"2025-11-24T16:28:09","date_gmt":"2025-11-24T15:28:09","guid":{"rendered":"https:\/\/stampcurio.com\/product\/1936-magyarorszag-az-interparlamentaris-unio-magyar-csoportja-budapest-orszaghaz-alkalmi-boritek-francia-xxxii-ene-conference-de-leuniion-interparlamentaire-alkalmi-bely\/"},"modified":"2026-01-05T15:14:17","modified_gmt":"2026-01-05T14:14:17","slug":"1936-magyarorszag-az-interparlamentaris-unio-budapest-orszaghaz-alkalmi-boritek-francia-xxxii-ene-conference-de-leuniion-interparlamentaire-alkalmi-belyegzessel","status":"publish","type":"product","link":"https:\/\/stampcurio.com\/hu\/termek\/1936-magyarorszag-az-interparlamentaris-unio-budapest-orszaghaz-alkalmi-boritek-francia-xxxii-ene-conference-de-leuniion-interparlamentaire-alkalmi-belyegzessel\/","title":{"rendered":"1936 Magyarorsz\u00e1g &#8211; Az Interparlament\u00e1ris Uni\u00f3 \/ Budapest Orsz\u00e1gh\u00e1z alkalmi bor\u00edt\u00e9k, francia \u201eXXXII. \u00c8NE CONF\u00c9RENCE DE LE\u2019UNIION INTERPARLAMENTAIRE\u201d alkalmi b\u00e9lyegz\u00e9ssel"},"content":{"rendered":"","protected":false},"excerpt":{"rendered":"<p>A bor\u00edt\u00e9kon gy\u0171r\u0151d\u00e9snyomok.<\/p>\n","protected":false},"featured_media":28751,"template":"","meta":[],"product_brand":[],"product_cat":[1172],"product_tag":[1669,1378,1041,467,89,1006],"class_list":{"0":"post-27220","1":"product","2":"type-product","3":"status-publish","4":"has-post-thumbnail","6":"product_cat-magyarorszag","7":"product_tag-3rd-auction","8":"product_tag-alkalmi-belyegzes","9":"product_tag-marcophily-hu","10":"product_tag-orszaghaz","11":"product_tag-postatortenet","12":"product_tag-unsold","14":"first","15":"instock","16":"sold-individually","17":"shipping-taxable","18":"purchasable","19":"product-type-simple"},"_links":{"self":[{"href":"https:\/\/stampcurio.com\/hu\/wp-json\/wp\/v2\/product\/27220","targetHints":{"allow":["GET"]}}],"collection":[{"href":"https:\/\/stampcurio.com\/hu\/wp-json\/wp\/v2\/product"}],"about":[{"href":"https:\/\/stampcurio.com\/hu\/wp-json\/wp\/v2\/types\/product"}],"wp:featuredmedia":[{"embeddable":true,"href":"https:\/\/stampcurio.com\/hu\/wp-json\/wp\/v2\/media\/28751"}],"wp:attachment":[{"href":"https:\/\/stampcurio.com\/hu\/wp-json\/wp\/v2\/media?parent=27220"}],"wp:term":[{"taxonomy":"product_brand","embeddable":true,"href":"https:\/\/stampcurio.com\/hu\/wp-json\/wp\/v2\/product_brand?post=27220"},{"taxonomy":"product_cat","embeddable":true,"href":"https:\/\/stampcurio.com\/hu\/wp-json\/wp\/v2\/product_cat?post=27220"},{"taxonomy":"product_tag","embeddable":true,"href":"https:\/\/stampcurio.com\/hu\/wp-json\/wp\/v2\/product_tag?post=27220"}],"curies":[{"name":"wp","href":"https:\/\/api.w.org\/{rel}","templated":true}]}}