{"id":27219,"date":"2025-11-24T16:28:08","date_gmt":"2025-11-24T15:28:08","guid":{"rendered":"https:\/\/stampcurio.com\/product\/1928-magyarorszag-x-sulyu-level-a-szovjetunioba-kuldve\/"},"modified":"2026-01-05T15:14:17","modified_gmt":"2026-01-05T14:14:17","slug":"1928-magyarorszag-10-sulyu-level-a-szovjetunioba-kuldve","status":"publish","type":"product","link":"https:\/\/stampcurio.com\/hu\/termek\/1928-magyarorszag-10-sulyu-level-a-szovjetunioba-kuldve\/","title":{"rendered":"1928 Magyarorsz\u00e1g &#8211; 10. s\u00faly\u00fa lev\u00e9l a Szovjetuni\u00f3ba k\u00fcldve"},"content":{"rendered":"","protected":false},"excerpt":{"rendered":"","protected":false},"featured_media":28755,"template":"","meta":[],"product_brand":[],"product_cat":[1172,1239],"product_tag":[1669,89,1006],"class_list":{"0":"post-27219","1":"product","2":"type-product","3":"status-publish","4":"has-post-thumbnail","6":"product_cat-magyarorszag","7":"product_cat-szovjetunio","8":"product_tag-3rd-auction","9":"product_tag-postatortenet","10":"product_tag-unsold","12":"first","13":"instock","14":"sold-individually","15":"shipping-taxable","16":"purchasable","17":"product-type-simple"},"_links":{"self":[{"href":"https:\/\/stampcurio.com\/hu\/wp-json\/wp\/v2\/product\/27219","targetHints":{"allow":["GET"]}}],"collection":[{"href":"https:\/\/stampcurio.com\/hu\/wp-json\/wp\/v2\/product"}],"about":[{"href":"https:\/\/stampcurio.com\/hu\/wp-json\/wp\/v2\/types\/product"}],"wp:featuredmedia":[{"embeddable":true,"href":"https:\/\/stampcurio.com\/hu\/wp-json\/wp\/v2\/media\/28755"}],"wp:attachment":[{"href":"https:\/\/stampcurio.com\/hu\/wp-json\/wp\/v2\/media?parent=27219"}],"wp:term":[{"taxonomy":"product_brand","embeddable":true,"href":"https:\/\/stampcurio.com\/hu\/wp-json\/wp\/v2\/product_brand?post=27219"},{"taxonomy":"product_cat","embeddable":true,"href":"https:\/\/stampcurio.com\/hu\/wp-json\/wp\/v2\/product_cat?post=27219"},{"taxonomy":"product_tag","embeddable":true,"href":"https:\/\/stampcurio.com\/hu\/wp-json\/wp\/v2\/product_tag?post=27219"}],"curies":[{"name":"wp","href":"https:\/\/api.w.org\/{rel}","templated":true}]}}