{"id":27218,"date":"2025-11-24T16:28:06","date_gmt":"2025-11-24T15:28:06","guid":{"rendered":"https:\/\/stampcurio.com\/product\/1937-amerikai-egyesult-allamok-ss-president-harding-hamburg-new-york-hajofedelzeten-feladott-legiposta-kepeslap-fedelzeti-belyegzovel\/"},"modified":"2026-01-05T15:14:18","modified_gmt":"2026-01-05T14:14:18","slug":"1937-amerikai-egyesult-allamok-ss-president-harding-hamburg-new-york-hajofedelzeten-feladott-legiposta-kepeslap-fedelzeti-belyegzovel","status":"publish","type":"product","link":"https:\/\/stampcurio.com\/hu\/termek\/1937-amerikai-egyesult-allamok-ss-president-harding-hamburg-new-york-hajofedelzeten-feladott-legiposta-kepeslap-fedelzeti-belyegzovel\/","title":{"rendered":"1937 Amerikai Egyes\u00fclt \u00c1llamok &#8211; SS President Harding (Hamburg-New York) haj\u00f3fed\u00e9lzet\u00e9n feladott l\u00e9giposta k\u00e9peslap fed\u00e9lzeti b\u00e9lyegz\u0151vel"},"content":{"rendered":"","protected":false},"excerpt":{"rendered":"","protected":false},"featured_media":28757,"template":"","meta":[],"product_brand":[],"product_cat":[1204,1172],"product_tag":[1669,115,89,1006],"class_list":{"0":"post-27218","1":"product","2":"type-product","3":"status-publish","4":"has-post-thumbnail","6":"product_cat-amerikai-egyesult-allamok","7":"product_cat-magyarorszag","8":"product_tag-3rd-auction","9":"product_tag-legiposta","10":"product_tag-postatortenet","11":"product_tag-unsold","13":"first","14":"instock","15":"sold-individually","16":"shipping-taxable","17":"purchasable","18":"product-type-simple"},"_links":{"self":[{"href":"https:\/\/stampcurio.com\/hu\/wp-json\/wp\/v2\/product\/27218","targetHints":{"allow":["GET"]}}],"collection":[{"href":"https:\/\/stampcurio.com\/hu\/wp-json\/wp\/v2\/product"}],"about":[{"href":"https:\/\/stampcurio.com\/hu\/wp-json\/wp\/v2\/types\/product"}],"wp:featuredmedia":[{"embeddable":true,"href":"https:\/\/stampcurio.com\/hu\/wp-json\/wp\/v2\/media\/28757"}],"wp:attachment":[{"href":"https:\/\/stampcurio.com\/hu\/wp-json\/wp\/v2\/media?parent=27218"}],"wp:term":[{"taxonomy":"product_brand","embeddable":true,"href":"https:\/\/stampcurio.com\/hu\/wp-json\/wp\/v2\/product_brand?post=27218"},{"taxonomy":"product_cat","embeddable":true,"href":"https:\/\/stampcurio.com\/hu\/wp-json\/wp\/v2\/product_cat?post=27218"},{"taxonomy":"product_tag","embeddable":true,"href":"https:\/\/stampcurio.com\/hu\/wp-json\/wp\/v2\/product_tag?post=27218"}],"curies":[{"name":"wp","href":"https:\/\/api.w.org\/{rel}","templated":true}]}}