{"id":27217,"date":"2025-11-24T16:28:05","date_gmt":"2025-11-24T15:28:05","guid":{"rendered":"https:\/\/stampcurio.com\/product\/1941-magyarorszag-1941-magyarorszag-portugaliaba-kuldott-liszaboni-506-os-postafiokba-cimzett-level-un-kemposta-tobbszoros-cenzuraval\/"},"modified":"2026-01-05T15:14:19","modified_gmt":"2026-01-05T14:14:19","slug":"1941-magyarorszag-portugaliaba-kuldott-liszaboni-506-os-postafiokba-cimzett-level-un-thomas-cook-kemposta-tobbszoros-cenzuraval","status":"publish","type":"product","link":"https:\/\/stampcurio.com\/hu\/termek\/1941-magyarorszag-portugaliaba-kuldott-liszaboni-506-os-postafiokba-cimzett-level-un-thomas-cook-kemposta-tobbszoros-cenzuraval\/","title":{"rendered":"1941 Magyarorsz\u00e1g &#8211; Portug\u00e1li\u00e1ba k\u00fcld\u00f6tt Liszaboni 506-os postafi\u00f3kba c\u00edmzett lev\u00e9l \u00fan. Thomas Cook k\u00e9mposta, t\u00f6bbsz\u00f6r\u00f6s cenz\u00far\u00e1val"},"content":{"rendered":"","protected":false},"excerpt":{"rendered":"<p>Thomas Cook \u00e1ltal \u00fczemeltett postafiok, melyen kereszt\u00fcl az ellens\u00e9ges vonalak m\u00f6g\u00e9 is lehetett leveleket k\u00fcldeni, nagyon \u00e9rdekes t\u00f6rt\u00e9net \u00e9rdemes ut\u00e1nna olvasni.<\/p>\n","protected":false},"featured_media":28739,"template":"","meta":[],"product_brand":[],"product_cat":[1186,1172,1290],"product_tag":[1669,233,176,89,1006],"class_list":{"0":"post-27217","1":"product","2":"type-product","3":"status-publish","4":"has-post-thumbnail","6":"product_cat-brit-birodalom","7":"product_cat-magyarorszag","8":"product_cat-portugalia","9":"product_tag-3rd-auction","10":"product_tag-cenzura","11":"product_tag-philagem","12":"product_tag-postatortenet","13":"product_tag-unsold","15":"first","16":"instock","17":"sold-individually","18":"shipping-taxable","19":"purchasable","20":"product-type-simple"},"_links":{"self":[{"href":"https:\/\/stampcurio.com\/hu\/wp-json\/wp\/v2\/product\/27217","targetHints":{"allow":["GET"]}}],"collection":[{"href":"https:\/\/stampcurio.com\/hu\/wp-json\/wp\/v2\/product"}],"about":[{"href":"https:\/\/stampcurio.com\/hu\/wp-json\/wp\/v2\/types\/product"}],"wp:featuredmedia":[{"embeddable":true,"href":"https:\/\/stampcurio.com\/hu\/wp-json\/wp\/v2\/media\/28739"}],"wp:attachment":[{"href":"https:\/\/stampcurio.com\/hu\/wp-json\/wp\/v2\/media?parent=27217"}],"wp:term":[{"taxonomy":"product_brand","embeddable":true,"href":"https:\/\/stampcurio.com\/hu\/wp-json\/wp\/v2\/product_brand?post=27217"},{"taxonomy":"product_cat","embeddable":true,"href":"https:\/\/stampcurio.com\/hu\/wp-json\/wp\/v2\/product_cat?post=27217"},{"taxonomy":"product_tag","embeddable":true,"href":"https:\/\/stampcurio.com\/hu\/wp-json\/wp\/v2\/product_tag?post=27217"}],"curies":[{"name":"wp","href":"https:\/\/api.w.org\/{rel}","templated":true}]}}