{"id":27216,"date":"2025-11-24T16:28:05","date_gmt":"2025-11-24T15:28:05","guid":{"rendered":"https:\/\/stampcurio.com\/product\/1931-magyarorszag-levelkotegjelzo-13-db-levelrol-a-zeppelin-magyarorszagi-nemetorszagi-utjan-rendkivul-ritka\/"},"modified":"2026-01-05T15:14:18","modified_gmt":"2026-01-05T14:14:18","slug":"1931-magyarorszag-levelkotegjelzo-13-db-levelrol-a-zeppelin-magyarorszagi-nemetorszagi-utjan-rendkivul-ritka","status":"publish","type":"product","link":"https:\/\/stampcurio.com\/hu\/termek\/1931-magyarorszag-levelkotegjelzo-13-db-levelrol-a-zeppelin-magyarorszagi-nemetorszagi-utjan-rendkivul-ritka\/","title":{"rendered":"1931 Magyarorsz\u00e1g &#8211; Lev\u00e9lk\u00f6tegjelz\u0151 13 db lev\u00e9lr\u0151l a Zeppelin magyarorsz\u00e1gi-n\u00e9metorsz\u00e1gi \u00fatj\u00e1n \u2013 rendk\u00edv\u00fcl ritka!"},"content":{"rendered":"","protected":false},"excerpt":{"rendered":"","protected":false},"featured_media":28869,"template":"","meta":[],"product_brand":[],"product_cat":[1172,1175],"product_tag":[1669,115,176,89,1006],"class_list":{"0":"post-27216","1":"product","2":"type-product","3":"status-publish","4":"has-post-thumbnail","6":"product_cat-magyarorszag","7":"product_cat-nemetorszag","8":"product_tag-3rd-auction","9":"product_tag-legiposta","10":"product_tag-philagem","11":"product_tag-postatortenet","12":"product_tag-unsold","14":"first","15":"instock","16":"sold-individually","17":"shipping-taxable","18":"purchasable","19":"product-type-simple"},"_links":{"self":[{"href":"https:\/\/stampcurio.com\/hu\/wp-json\/wp\/v2\/product\/27216","targetHints":{"allow":["GET"]}}],"collection":[{"href":"https:\/\/stampcurio.com\/hu\/wp-json\/wp\/v2\/product"}],"about":[{"href":"https:\/\/stampcurio.com\/hu\/wp-json\/wp\/v2\/types\/product"}],"wp:featuredmedia":[{"embeddable":true,"href":"https:\/\/stampcurio.com\/hu\/wp-json\/wp\/v2\/media\/28869"}],"wp:attachment":[{"href":"https:\/\/stampcurio.com\/hu\/wp-json\/wp\/v2\/media?parent=27216"}],"wp:term":[{"taxonomy":"product_brand","embeddable":true,"href":"https:\/\/stampcurio.com\/hu\/wp-json\/wp\/v2\/product_brand?post=27216"},{"taxonomy":"product_cat","embeddable":true,"href":"https:\/\/stampcurio.com\/hu\/wp-json\/wp\/v2\/product_cat?post=27216"},{"taxonomy":"product_tag","embeddable":true,"href":"https:\/\/stampcurio.com\/hu\/wp-json\/wp\/v2\/product_tag?post=27216"}],"curies":[{"name":"wp","href":"https:\/\/api.w.org\/{rel}","templated":true}]}}