{"id":27215,"date":"2025-11-24T16:28:05","date_gmt":"2025-11-24T15:28:05","guid":{"rendered":"https:\/\/stampcurio.com\/product\/1893-magyarorszag-peterdi-level-paquebot-adria-gozos-es-trieszt-kikotoi-belyegzessel-ritka\/"},"modified":"2026-01-05T15:14:18","modified_gmt":"2026-01-05T14:14:18","slug":"1893-magyarorszag-peterdi-level-paquebot-adria-gozos-es-trieszt-kikotoi-belyegzessel-ritka","status":"publish","type":"product","link":"https:\/\/stampcurio.com\/hu\/termek\/1893-magyarorszag-peterdi-level-paquebot-adria-gozos-es-trieszt-kikotoi-belyegzessel-ritka\/","title":{"rendered":"1893 Magyarorsz\u00e1g &#8211; Peterdi-lev\u00e9l, Paquebot + Adria G\u0151z\u00f6s \u00e9s Trieszt kik\u00f6t\u0151i b\u00e9lyegz\u00e9ssel \u2013 ritka"},"content":{"rendered":"","protected":false},"excerpt":{"rendered":"<p>Az el\u0151oldali pap\u00edr sajnos barnult.<\/p>\n","protected":false},"featured_media":28815,"template":"","meta":[],"product_brand":[],"product_cat":[1178,1275,1172],"product_tag":[1669,1041,89,1006],"class_list":{"0":"post-27215","1":"product","2":"type-product","3":"status-publish","4":"has-post-thumbnail","6":"product_cat-ausztria","7":"product_cat-fiume","8":"product_cat-magyarorszag","9":"product_tag-3rd-auction","10":"product_tag-marcophily-hu","11":"product_tag-postatortenet","12":"product_tag-unsold","14":"first","15":"instock","16":"sold-individually","17":"shipping-taxable","18":"purchasable","19":"product-type-simple"},"_links":{"self":[{"href":"https:\/\/stampcurio.com\/hu\/wp-json\/wp\/v2\/product\/27215","targetHints":{"allow":["GET"]}}],"collection":[{"href":"https:\/\/stampcurio.com\/hu\/wp-json\/wp\/v2\/product"}],"about":[{"href":"https:\/\/stampcurio.com\/hu\/wp-json\/wp\/v2\/types\/product"}],"wp:featuredmedia":[{"embeddable":true,"href":"https:\/\/stampcurio.com\/hu\/wp-json\/wp\/v2\/media\/28815"}],"wp:attachment":[{"href":"https:\/\/stampcurio.com\/hu\/wp-json\/wp\/v2\/media?parent=27215"}],"wp:term":[{"taxonomy":"product_brand","embeddable":true,"href":"https:\/\/stampcurio.com\/hu\/wp-json\/wp\/v2\/product_brand?post=27215"},{"taxonomy":"product_cat","embeddable":true,"href":"https:\/\/stampcurio.com\/hu\/wp-json\/wp\/v2\/product_cat?post=27215"},{"taxonomy":"product_tag","embeddable":true,"href":"https:\/\/stampcurio.com\/hu\/wp-json\/wp\/v2\/product_tag?post=27215"}],"curies":[{"name":"wp","href":"https:\/\/api.w.org\/{rel}","templated":true}]}}