{"id":27214,"date":"2025-11-24T16:28:04","date_gmt":"2025-11-24T15:28:04","guid":{"rendered":"https:\/\/stampcurio.com\/product\/1910-franciaorszag-peterdi-levelezolap-marseilleben-feladva-adria-ungharese-paquebot-ss-kassa-belyegzovel-koznapi-peterdi-kuldemeny-hajopostan-feladva-es-sopronba-kuldve-rendkivul-ritka\/"},"modified":"2025-12-05T04:03:28","modified_gmt":"2025-12-05T03:03:28","slug":"1910-magyarorszag-adria-ungharese-es-paquebot-ss-kassa-belyegzovel-a-hajon-feladott-peterdi-kuldemeny-rendkivul-ritka-koznapi-level","status":"publish","type":"product","link":"https:\/\/stampcurio.com\/hu\/termek\/1910-magyarorszag-adria-ungharese-es-paquebot-ss-kassa-belyegzovel-a-hajon-feladott-peterdi-kuldemeny-rendkivul-ritka-koznapi-level\/","title":{"rendered":"1910 Magyarorsz\u00e1g &#8211; &#8220;Adria-Ungharese&#8221; \u00e9s &#8220;Paquebot \/ SS Kassa&#8221; b\u00e9lyegz\u0151vel a haj\u00f3n feladott  Peterdi k\u00fcldem\u00e9ny. Rendk\u00edv\u00fcl ritka k\u00f6znapi lev\u00e9l!"},"content":{"rendered":"","protected":false},"excerpt":{"rendered":"<p>A levelez\u0151lap Franciorsz\u00e1gba a marseille-i kik\u00f6t\u0151be ker\u00fclt post\u00e1ra, majd onnan folytatta az \u00fatj\u00e1t Sopronba.<\/p>\n","protected":false},"featured_media":28765,"template":"","meta":[],"product_brand":[],"product_cat":[1181,1172],"product_tag":[1669,97,1041,1321,176,89],"class_list":{"0":"post-27214","1":"product","2":"type-product","3":"status-publish","4":"has-post-thumbnail","6":"product_cat-franciaorszag","7":"product_cat-magyarorszag","8":"product_tag-3rd-auction","9":"product_tag-kepeslap","10":"product_tag-marcophily-hu","11":"product_tag-peterdi","12":"product_tag-philagem","13":"product_tag-postatortenet","15":"first","16":"outofstock","17":"sold-individually","18":"shipping-taxable","19":"purchasable","20":"product-type-simple"},"_links":{"self":[{"href":"https:\/\/stampcurio.com\/hu\/wp-json\/wp\/v2\/product\/27214","targetHints":{"allow":["GET"]}}],"collection":[{"href":"https:\/\/stampcurio.com\/hu\/wp-json\/wp\/v2\/product"}],"about":[{"href":"https:\/\/stampcurio.com\/hu\/wp-json\/wp\/v2\/types\/product"}],"wp:featuredmedia":[{"embeddable":true,"href":"https:\/\/stampcurio.com\/hu\/wp-json\/wp\/v2\/media\/28765"}],"wp:attachment":[{"href":"https:\/\/stampcurio.com\/hu\/wp-json\/wp\/v2\/media?parent=27214"}],"wp:term":[{"taxonomy":"product_brand","embeddable":true,"href":"https:\/\/stampcurio.com\/hu\/wp-json\/wp\/v2\/product_brand?post=27214"},{"taxonomy":"product_cat","embeddable":true,"href":"https:\/\/stampcurio.com\/hu\/wp-json\/wp\/v2\/product_cat?post=27214"},{"taxonomy":"product_tag","embeddable":true,"href":"https:\/\/stampcurio.com\/hu\/wp-json\/wp\/v2\/product_tag?post=27214"}],"curies":[{"name":"wp","href":"https:\/\/api.w.org\/{rel}","templated":true}]}}