{"id":27213,"date":"2025-11-24T16:28:04","date_gmt":"2025-11-24T15:28:04","guid":{"rendered":"https:\/\/stampcurio.com\/product\/1945-februar-magyarorszag-sopron-szombathely-ajanlott-level-m-kir-posta-400-kisegito-acelbelyegzovel-foghazbol-kuldve\/"},"modified":"2025-12-05T04:03:27","modified_gmt":"2025-12-05T03:03:27","slug":"1945-magyarorszag-februar-sopron-szombathely-ajanlott-level-provizorikus-m-kir-posta-400-acelbelyegzovel-sopron-kohidai-foghazbol-kuldve","status":"publish","type":"product","link":"https:\/\/stampcurio.com\/hu\/termek\/1945-magyarorszag-februar-sopron-szombathely-ajanlott-level-provizorikus-m-kir-posta-400-acelbelyegzovel-sopron-kohidai-foghazbol-kuldve\/","title":{"rendered":"1945 Magyarorsz\u00e1g &#8211; febru\u00e1r &#8211; Sopron-Szombathely aj\u00e1nlott lev\u00e9l proviz\u00f3rikus \u201eM.Kir Posta 400\u201d ac\u00e9lb\u00e9lyegz\u0151vel, sopron-k\u0151hidai fogh\u00e1zb\u00f3l k\u00fcldve"},"content":{"rendered":"","protected":false},"excerpt":{"rendered":"","protected":false},"featured_media":28745,"template":"","meta":[],"product_brand":[],"product_cat":[1172],"product_tag":[1669,1041,89,256],"class_list":{"0":"post-27213","1":"product","2":"type-product","3":"status-publish","4":"has-post-thumbnail","6":"product_cat-magyarorszag","7":"product_tag-3rd-auction","8":"product_tag-marcophily-hu","9":"product_tag-postatortenet","10":"product_tag-provizorium","12":"first","13":"outofstock","14":"sold-individually","15":"shipping-taxable","16":"purchasable","17":"product-type-simple"},"_links":{"self":[{"href":"https:\/\/stampcurio.com\/hu\/wp-json\/wp\/v2\/product\/27213","targetHints":{"allow":["GET"]}}],"collection":[{"href":"https:\/\/stampcurio.com\/hu\/wp-json\/wp\/v2\/product"}],"about":[{"href":"https:\/\/stampcurio.com\/hu\/wp-json\/wp\/v2\/types\/product"}],"wp:featuredmedia":[{"embeddable":true,"href":"https:\/\/stampcurio.com\/hu\/wp-json\/wp\/v2\/media\/28745"}],"wp:attachment":[{"href":"https:\/\/stampcurio.com\/hu\/wp-json\/wp\/v2\/media?parent=27213"}],"wp:term":[{"taxonomy":"product_brand","embeddable":true,"href":"https:\/\/stampcurio.com\/hu\/wp-json\/wp\/v2\/product_brand?post=27213"},{"taxonomy":"product_cat","embeddable":true,"href":"https:\/\/stampcurio.com\/hu\/wp-json\/wp\/v2\/product_cat?post=27213"},{"taxonomy":"product_tag","embeddable":true,"href":"https:\/\/stampcurio.com\/hu\/wp-json\/wp\/v2\/product_tag?post=27213"}],"curies":[{"name":"wp","href":"https:\/\/api.w.org\/{rel}","templated":true}]}}