{"id":27212,"date":"2025-11-24T16:28:03","date_gmt":"2025-11-24T15:28:03","guid":{"rendered":"https:\/\/stampcurio.com\/product\/1925-magyarorszag-sport-sor-35-f-dijjegyes-boritekon-jubilas-regatta-margitsziget-alkalmi-belyegzessel\/"},"modified":"2026-01-05T15:14:19","modified_gmt":"2026-01-05T14:14:19","slug":"1925-magyarorszag-sport-sor-35-filleres-dijjegyes-boritekon-jubilas-regatta-margitsziget-alkalmi-belyegzessel","status":"publish","type":"product","link":"https:\/\/stampcurio.com\/hu\/termek\/1925-magyarorszag-sport-sor-35-filleres-dijjegyes-boritekon-jubilas-regatta-margitsziget-alkalmi-belyegzessel\/","title":{"rendered":"1925 Magyarorsz\u00e1g &#8211; Sport sor 35 fill\u00e9res d\u00edjjegyes bor\u00edt\u00e9kon, \u201eJubil\u00e1s Regatta Margitsziget\u201d alkalmi b\u00e9lyegz\u00e9ssel"},"content":{"rendered":"","protected":false},"excerpt":{"rendered":"","protected":false},"featured_media":28761,"template":"","meta":[],"product_brand":[],"product_cat":[1172],"product_tag":[1669,1378,116,74,1041,1006],"class_list":{"0":"post-27212","1":"product","2":"type-product","3":"status-publish","4":"has-post-thumbnail","6":"product_cat-magyarorszag","7":"product_tag-3rd-auction","8":"product_tag-alkalmi-belyegzes","9":"product_tag-belyeg","10":"product_tag-dijjegyes","11":"product_tag-marcophily-hu","12":"product_tag-unsold","14":"first","15":"instock","16":"sold-individually","17":"shipping-taxable","18":"purchasable","19":"product-type-simple"},"_links":{"self":[{"href":"https:\/\/stampcurio.com\/hu\/wp-json\/wp\/v2\/product\/27212","targetHints":{"allow":["GET"]}}],"collection":[{"href":"https:\/\/stampcurio.com\/hu\/wp-json\/wp\/v2\/product"}],"about":[{"href":"https:\/\/stampcurio.com\/hu\/wp-json\/wp\/v2\/types\/product"}],"wp:featuredmedia":[{"embeddable":true,"href":"https:\/\/stampcurio.com\/hu\/wp-json\/wp\/v2\/media\/28761"}],"wp:attachment":[{"href":"https:\/\/stampcurio.com\/hu\/wp-json\/wp\/v2\/media?parent=27212"}],"wp:term":[{"taxonomy":"product_brand","embeddable":true,"href":"https:\/\/stampcurio.com\/hu\/wp-json\/wp\/v2\/product_brand?post=27212"},{"taxonomy":"product_cat","embeddable":true,"href":"https:\/\/stampcurio.com\/hu\/wp-json\/wp\/v2\/product_cat?post=27212"},{"taxonomy":"product_tag","embeddable":true,"href":"https:\/\/stampcurio.com\/hu\/wp-json\/wp\/v2\/product_tag?post=27212"}],"curies":[{"name":"wp","href":"https:\/\/api.w.org\/{rel}","templated":true}]}}