{"id":27211,"date":"2025-11-24T16:28:03","date_gmt":"2025-11-24T15:28:03","guid":{"rendered":"https:\/\/stampcurio.com\/product\/1919-csehszlovakia-magyar-dijjegyes-zart-levelezolap-a-magyar-cimer-csr-felirattal-atirva\/"},"modified":"2025-12-05T04:03:28","modified_gmt":"2025-12-05T03:03:28","slug":"1919-csehszlovakia-zolyomban-feladott-magyar-dijjegyes-zart-levelezolap-a-magyar-cimer-csr-felirattal-atirva","status":"publish","type":"product","link":"https:\/\/stampcurio.com\/hu\/termek\/1919-csehszlovakia-zolyomban-feladott-magyar-dijjegyes-zart-levelezolap-a-magyar-cimer-csr-felirattal-atirva\/","title":{"rendered":"1919 Csehszlov\u00e1kia &#8211; Z\u00f3lyomban feladott magyar d\u00edjjegyes z\u00e1rt levelez\u0151lap, a magyar c\u00edmer CSR felirattal \u00e1t\u00edrva"},"content":{"rendered":"","protected":false},"excerpt":{"rendered":"","protected":false},"featured_media":28908,"template":"","meta":[],"product_brand":[],"product_cat":[1238,1172,1189],"product_tag":[1669,74,1332,256],"class_list":{"0":"post-27211","1":"product","2":"type-product","3":"status-publish","4":"has-post-thumbnail","6":"product_cat-csehorszag","7":"product_cat-magyarorszag","8":"product_cat-szlovakia","9":"product_tag-3rd-auction","10":"product_tag-dijjegyes","11":"product_tag-helyi-kiadas","12":"product_tag-provizorium","14":"first","15":"outofstock","16":"sold-individually","17":"shipping-taxable","18":"purchasable","19":"product-type-simple"},"_links":{"self":[{"href":"https:\/\/stampcurio.com\/hu\/wp-json\/wp\/v2\/product\/27211","targetHints":{"allow":["GET"]}}],"collection":[{"href":"https:\/\/stampcurio.com\/hu\/wp-json\/wp\/v2\/product"}],"about":[{"href":"https:\/\/stampcurio.com\/hu\/wp-json\/wp\/v2\/types\/product"}],"wp:featuredmedia":[{"embeddable":true,"href":"https:\/\/stampcurio.com\/hu\/wp-json\/wp\/v2\/media\/28908"}],"wp:attachment":[{"href":"https:\/\/stampcurio.com\/hu\/wp-json\/wp\/v2\/media?parent=27211"}],"wp:term":[{"taxonomy":"product_brand","embeddable":true,"href":"https:\/\/stampcurio.com\/hu\/wp-json\/wp\/v2\/product_brand?post=27211"},{"taxonomy":"product_cat","embeddable":true,"href":"https:\/\/stampcurio.com\/hu\/wp-json\/wp\/v2\/product_cat?post=27211"},{"taxonomy":"product_tag","embeddable":true,"href":"https:\/\/stampcurio.com\/hu\/wp-json\/wp\/v2\/product_tag?post=27211"}],"curies":[{"name":"wp","href":"https:\/\/api.w.org\/{rel}","templated":true}]}}